{"id":90,"date":"2011-03-22T10:07:01","date_gmt":"2011-03-22T09:07:01","guid":{"rendered":"http:\/\/www.aiutu-corsu.org\/wordpress\/?page_id=90"},"modified":"2026-03-06T11:56:19","modified_gmt":"2026-03-06T10:56:19","slug":"documentation","status":"publish","type":"page","link":"https:\/\/www.aiutu-corsu.org\/wordpress\/documentation\/","title":{"rendered":"Docs &#038; Brochures"},"content":{"rendered":"\n<h2 class=\"wp-block-heading\">Acc\u00e9dez directement \u00e0 toute notre biblioth\u00e8que !<\/h2>\n\n\n\n<iframe loading=\"lazy\" src=\"\/\/v.calameo.com\/library\/?type=account&amp;id=6415106&amp;rows=3&amp;sortBy=latestPublished&amp;theme=wood&amp;bgColor=&amp;thumbSize=large&amp;showTitle=false&amp;showShadow=true&amp;showGloss=true&amp;showInfo=no&amp;linkTo=view&amp;linkTarget=_blank\" width=\"100%\" height=\"720\" frameborder=\"0\" allowfullscreen=\"\" allowtransparency=\"\"><\/iframe>\n\n\n\n<h2 class=\"wp-block-heading\">Nouvelle brochure descriptive de l&rsquo;association AIUTU CORSU (Version 2024)<\/h2>\n\n\n<div class=\"wp-block-image\">\n<figure class=\"aligncenter size-large is-resized\"><a href=\"https:\/\/www.aiutu-corsu.org\/wordpress\/wp-content\/uploads\/2025\/07\/2.png\" target=\"_blank\" rel=\"noopener noreferrer\"><img loading=\"lazy\" decoding=\"async\" width=\"1024\" height=\"724\" src=\"https:\/\/www.aiutu-corsu.org\/wordpress\/wp-content\/uploads\/2025\/07\/2-1024x724.png\" alt=\"\" class=\"wp-image-6746\" style=\"width:865px;height:auto\" title=\"Num\u00e9risation_20160216\" srcset=\"https:\/\/www.aiutu-corsu.org\/wordpress\/wp-content\/uploads\/2025\/07\/2-1024x724.png 1024w, https:\/\/www.aiutu-corsu.org\/wordpress\/wp-content\/uploads\/2025\/07\/2-300x212.png 300w, https:\/\/www.aiutu-corsu.org\/wordpress\/wp-content\/uploads\/2025\/07\/2-768x543.png 768w, https:\/\/www.aiutu-corsu.org\/wordpress\/wp-content\/uploads\/2025\/07\/2-1536x1086.png 1536w, https:\/\/www.aiutu-corsu.org\/wordpress\/wp-content\/uploads\/2025\/07\/2-382x271.png 382w, https:\/\/www.aiutu-corsu.org\/wordpress\/wp-content\/uploads\/2025\/07\/2.png 2000w\" sizes=\"(max-width: 1024px) 100vw, 1024px\" \/><\/a><\/figure><\/div>\n\n<div class=\"wp-block-image\">\n<figure class=\"aligncenter size-large\"><a href=\"https:\/\/www.aiutu-corsu.org\/wordpress\/wp-content\/uploads\/2025\/07\/1-1.png\" target=\"_blank\" rel=\"noreferrer noopener\"><img loading=\"lazy\" decoding=\"async\" width=\"1024\" height=\"724\" src=\"https:\/\/www.aiutu-corsu.org\/wordpress\/wp-content\/uploads\/2025\/07\/1-1-1024x724.png\" alt=\"\" class=\"wp-image-6747\" title=\"Num\u00e9risation_20160216\" srcset=\"https:\/\/www.aiutu-corsu.org\/wordpress\/wp-content\/uploads\/2025\/07\/1-1-1024x724.png 1024w, https:\/\/www.aiutu-corsu.org\/wordpress\/wp-content\/uploads\/2025\/07\/1-1-300x212.png 300w, https:\/\/www.aiutu-corsu.org\/wordpress\/wp-content\/uploads\/2025\/07\/1-1-768x543.png 768w, https:\/\/www.aiutu-corsu.org\/wordpress\/wp-content\/uploads\/2025\/07\/1-1-1536x1086.png 1536w, https:\/\/www.aiutu-corsu.org\/wordpress\/wp-content\/uploads\/2025\/07\/1-1-382x271.png 382w, https:\/\/www.aiutu-corsu.org\/wordpress\/wp-content\/uploads\/2025\/07\/1-1.png 2000w\" sizes=\"(max-width: 1024px) 100vw, 1024px\" \/><\/a><\/figure><\/div>\n\n\n<hr class=\"wp-block-separator has-css-opacity\"\/>\n\n\n\n<h2 class=\"wp-block-heading\">AIUTU CORSU adh\u00e8re au r\u00e9seau \u00ab\u00a0Contraception, Pr\u00e9vention des IVG\u00a0\u00bb<\/h2>\n\n\n<div class=\"wp-block-image\">\n<figure class=\"aligncenter\"><a href=\"http:\/\/www.aiutu-corsu.org\/wordpress\/wp-content\/uploads\/2016\/02\/Num\u00e9risation_20160216.jpg\" target=\"_blank\" rel=\"noreferrer noopener\"><img loading=\"lazy\" decoding=\"async\" width=\"218\" height=\"300\" src=\"http:\/\/www.aiutu-corsu.org\/wordpress\/wp-content\/uploads\/2016\/02\/Num\u00e9risation_20160216-218x300.jpg\" alt=\"\" class=\"wp-image-2914\" title=\"Num\u00e9risation_20160216\" srcset=\"https:\/\/www.aiutu-corsu.org\/wordpress\/wp-content\/uploads\/2016\/02\/Num\u00e9risation_20160216-218x300.jpg 218w, https:\/\/www.aiutu-corsu.org\/wordpress\/wp-content\/uploads\/2016\/02\/Num\u00e9risation_20160216-744x1024.jpg 744w, https:\/\/www.aiutu-corsu.org\/wordpress\/wp-content\/uploads\/2016\/02\/Num\u00e9risation_20160216.jpg 1700w\" sizes=\"(max-width: 218px) 100vw, 218px\" \/><\/a><\/figure><\/div>\n\n\n<hr class=\"wp-block-separator has-css-opacity\"\/>\n\n\n\n<h2 class=\"wp-block-heading\">Recueil des 20 ans Aiutu Corsu<\/h2>\n\n\n\n<div style=\"text-align:center;\"><div style=\"margin:8px 0px 4px;\"><a href=\"https:\/\/www.calameo.com\/books\/006415106cf686defb6c4\" target=\"_blank\" rel=\"noopener noreferrer\">Aiutu Corsu &#8211; Le recueil 20 ans<\/a><\/div><iframe loading=\"lazy\" src=\"\/\/v.calameo.com\/?bkcode=006415106cf686defb6c4&amp;mode=mini\" width=\"100%\" height=\"500\" frameborder=\"0\" scrolling=\"no\" allowtransparency=\"\" allowfullscreen=\"\" style=\"margin:0 auto;\"><\/iframe><div style=\"margin:4px 0px 8px;\"><a href=\"http:\/\/www.calameo.com\/\" target=\"_blank\" rel=\"noopener noreferrer\">Lire plus de publications sur Calam\u00e9o<\/a><\/div><\/div>\n\n\n\n<p class=\"has-text-align-center\"><a href=\"http:\/\/www.aiutu-corsu.org\/wordpress\/wp-content\/uploads\/2011\/03\/recueil-V11.pdf\" target=\"_blank\" rel=\"noreferrer noopener\">T\u00e9l\u00e9chargez le recueil des 20 ans !<\/a><\/p>\n\n\n\n<hr class=\"wp-block-separator has-css-opacity\"\/>\n\n\n\n<h2 class=\"wp-block-heading\">Rapports d&rsquo;activit\u00e9s Aiutu Corsu<\/h2>\n\n\n\n<div class=\"wp-block-columns is-layout-flex wp-container-core-columns-layout-1 wp-block-columns-is-layout-flex\">\n<div class=\"wp-block-column is-vertically-aligned-top is-layout-flow wp-block-column-is-layout-flow\"><div class=\"wp-block-image\">\n<figure class=\"aligncenter size-large is-resized\"><a href=\"https:\/\/www.calameo.com\/read\/00641510673b3ce51db0d\"><img loading=\"lazy\" decoding=\"async\" width=\"724\" height=\"1024\" src=\"https:\/\/www.aiutu-corsu.org\/wordpress\/wp-content\/uploads\/2026\/03\/Version-finale-RA-2025-724x1024.jpg\" alt=\"\" class=\"wp-image-6958\" style=\"width:84px\" srcset=\"https:\/\/www.aiutu-corsu.org\/wordpress\/wp-content\/uploads\/2026\/03\/Version-finale-RA-2025-724x1024.jpg 724w, https:\/\/www.aiutu-corsu.org\/wordpress\/wp-content\/uploads\/2026\/03\/Version-finale-RA-2025-212x300.jpg 212w, https:\/\/www.aiutu-corsu.org\/wordpress\/wp-content\/uploads\/2026\/03\/Version-finale-RA-2025-768x1086.jpg 768w, https:\/\/www.aiutu-corsu.org\/wordpress\/wp-content\/uploads\/2026\/03\/Version-finale-RA-2025-1086x1536.jpg 1086w, https:\/\/www.aiutu-corsu.org\/wordpress\/wp-content\/uploads\/2026\/03\/Version-finale-RA-2025.jpg 1414w\" sizes=\"(max-width: 724px) 100vw, 724px\" \/><\/a><\/figure><\/div><\/div>\n\n\n\n<div class=\"wp-block-column is-layout-flow wp-block-column-is-layout-flow\"><div class=\"wp-block-image\">\n<figure class=\"aligncenter size-large is-resized\"><a href=\"https:\/\/www.calameo.com\/books\/00641510612c40cf6cbd2\"><img loading=\"lazy\" decoding=\"async\" width=\"724\" height=\"1024\" src=\"https:\/\/www.aiutu-corsu.org\/wordpress\/wp-content\/uploads\/2025\/07\/Rapport-dactivite-Aiutu-Corsu-2024-min-4.pdf-4-pdf-724x1024.jpg\" alt=\"\" class=\"wp-image-6770\" style=\"width:84px;height:auto\"\/><\/a><\/figure><\/div><\/div>\n<\/div>\n\n\n\n<div class=\"wp-block-columns is-layout-flex wp-container-core-columns-layout-2 wp-block-columns-is-layout-flex\">\n<div class=\"wp-block-column is-layout-flow wp-block-column-is-layout-flow\"><div class=\"wp-block-image\">\n<figure class=\"aligncenter size-large is-resized\"><a href=\"https:\/\/www.calameo.com\/read\/006415106e53bd74b79a0\"><img loading=\"lazy\" decoding=\"async\" width=\"724\" height=\"1024\" src=\"https:\/\/www.aiutu-corsu.org\/wordpress\/wp-content\/uploads\/2025\/07\/RA-2023-min-2-1-pdf-724x1024.jpg\" alt=\"\" class=\"wp-image-6758\" style=\"width:84px;height:auto\"\/><\/a><\/figure><\/div>\n\n<div class=\"wp-block-image\">\n<figure class=\"aligncenter size-large\"><a href=\"https:\/\/www.calameo.com\/read\/0064151068dc47d1fa9c6\" target=\"_blank\" rel=\"noopener noreferrer\"><img loading=\"lazy\" decoding=\"async\" width=\"95\" height=\"125\" src=\"https:\/\/www.aiutu-corsu.org\/wordpress\/wp-content\/uploads\/2020\/09\/RA-Aiutu-Corsu-2019.png\" alt=\"\" class=\"wp-image-4724\"\/><\/a><\/figure><\/div><\/div>\n\n\n\n<div class=\"wp-block-column is-layout-flow wp-block-column-is-layout-flow\"><div class=\"wp-block-image\">\n<figure class=\"aligncenter size-large\"><a href=\"https:\/\/www.calameo.com\/read\/006415106a56257b85489\" target=\"_blank\" rel=\"noopener noreferrer\"><img loading=\"lazy\" decoding=\"async\" width=\"95\" height=\"125\" src=\"https:\/\/www.aiutu-corsu.org\/wordpress\/wp-content\/uploads\/2023\/02\/RA-Aiutu-Corsu-2022.png\" alt=\"\" class=\"wp-image-6033\"\/><\/a><\/figure><\/div>\n\n<div class=\"wp-block-image\">\n<figure class=\"aligncenter size-large\"><a href=\"https:\/\/www.calameo.com\/read\/006415106a1275b68be2c\" target=\"_blank\" rel=\"noopener noreferrer\"><img loading=\"lazy\" decoding=\"async\" width=\"95\" height=\"125\" src=\"https:\/\/www.aiutu-corsu.org\/wordpress\/wp-content\/uploads\/2020\/09\/RA-Aiutu-Corsu-2018.png\" alt=\"\" class=\"wp-image-4723\"\/><\/a><\/figure><\/div><\/div>\n\n\n\n<div class=\"wp-block-column is-layout-flow wp-block-column-is-layout-flow\"><div class=\"wp-block-image\">\n<figure class=\"aligncenter size-large\"><a href=\"https:\/\/www.calameo.com\/read\/0064151065468ce0945ed\" target=\"_blank\" rel=\"noopener noreferrer\"><img loading=\"lazy\" decoding=\"async\" width=\"95\" height=\"125\" src=\"https:\/\/www.aiutu-corsu.org\/wordpress\/wp-content\/uploads\/2022\/03\/RA-Aiutu-Corsu-2021.png\" alt=\"\" class=\"wp-image-5680\"\/><\/a><\/figure><\/div>\n\n<div class=\"wp-block-image\">\n<figure class=\"aligncenter size-large\"><a href=\"https:\/\/www.calameo.com\/read\/006415106c13bbbfd4854\" target=\"_blank\" rel=\"noopener noreferrer\"><img loading=\"lazy\" decoding=\"async\" width=\"95\" height=\"125\" src=\"http:\/\/www.aiutu-corsu.org\/wordpress\/wp-content\/uploads\/2020\/09\/RA-Aiutu-Corsu-2016.png\" alt=\"\" class=\"wp-image-4721\"\/><\/a><\/figure><\/div><\/div>\n\n\n\n<div class=\"wp-block-column is-layout-flow wp-block-column-is-layout-flow\"><div class=\"wp-block-image\">\n<figure class=\"aligncenter size-large\"><a href=\"https:\/\/www.calameo.com\/read\/0064151065cd0bd3a6860\" target=\"_blank\" rel=\"noopener noreferrer\"><img loading=\"lazy\" decoding=\"async\" width=\"95\" height=\"125\" src=\"http:\/\/www.aiutu-corsu.org\/wordpress\/wp-content\/uploads\/2020\/09\/RA-Aiutu-Corsu-2017.png\" alt=\"\" class=\"wp-image-4722\"\/><\/a><\/figure><\/div>\n\n<div class=\"wp-block-image\">\n<figure class=\"aligncenter size-large\"><a href=\"https:\/\/www.calameo.com\/read\/006415106d6b8c32e9cf9\" target=\"_blank\" rel=\"noopener noreferrer\"><img loading=\"lazy\" decoding=\"async\" width=\"95\" height=\"125\" src=\"http:\/\/www.aiutu-corsu.org\/wordpress\/wp-content\/uploads\/2020\/09\/RA-Aiutu-Corsu-2015.png\" alt=\"\" class=\"wp-image-4720\"\/><\/a><\/figure><\/div><\/div>\n\n\n\n<div class=\"wp-block-column is-layout-flow wp-block-column-is-layout-flow\"><div class=\"wp-block-image\">\n<figure class=\"aligncenter size-large\"><img loading=\"lazy\" decoding=\"async\" width=\"95\" height=\"125\" src=\"https:\/\/www.aiutu-corsu.org\/wordpress\/wp-content\/uploads\/2021\/02\/RA-Aiutu-Corsu-2020.png\" alt=\"\" class=\"wp-image-5189\"\/><\/figure><\/div>\n\n<div class=\"wp-block-image\">\n<figure class=\"aligncenter size-large\"><a href=\"https:\/\/www.calameo.com\/read\/006415106c8d443745904\" target=\"_blank\" rel=\"noopener noreferrer\"><img loading=\"lazy\" decoding=\"async\" width=\"95\" height=\"125\" src=\"http:\/\/www.aiutu-corsu.org\/wordpress\/wp-content\/uploads\/2020\/09\/RA-Aiutu-Corsu-2014.png\" alt=\"\" class=\"wp-image-4719\"\/><\/a><\/figure><\/div><\/div>\n<\/div>\n\n\n\n<div class=\"wp-block-columns is-layout-flex wp-container-core-columns-layout-3 wp-block-columns-is-layout-flex\">\n<div class=\"wp-block-column is-layout-flow wp-block-column-is-layout-flow\"><div class=\"wp-block-image\">\n<figure class=\"aligncenter size-large\"><a href=\"https:\/\/www.calameo.com\/read\/0064151061f7aa7325e23\" target=\"_blank\" rel=\"noopener noreferrer\"><img loading=\"lazy\" decoding=\"async\" width=\"95\" height=\"125\" src=\"http:\/\/www.aiutu-corsu.org\/wordpress\/wp-content\/uploads\/2020\/09\/RA-Aiutu-Corsu-2013.png\" alt=\"\" class=\"wp-image-4718\"\/><\/a><\/figure><\/div><\/div>\n\n\n\n<div class=\"wp-block-column is-layout-flow wp-block-column-is-layout-flow\"><div class=\"wp-block-image\">\n<figure class=\"aligncenter size-large\"><a href=\"https:\/\/www.calameo.com\/read\/006415106734e9a1f3928\" target=\"_blank\" rel=\"noopener noreferrer\"><img loading=\"lazy\" decoding=\"async\" width=\"95\" height=\"125\" src=\"http:\/\/www.aiutu-corsu.org\/wordpress\/wp-content\/uploads\/2020\/09\/RA-Aiutu-Corsu-2012.png\" alt=\"\" class=\"wp-image-4717\"\/><\/a><\/figure><\/div><\/div>\n\n\n\n<div class=\"wp-block-column is-layout-flow wp-block-column-is-layout-flow\"><div class=\"wp-block-image\">\n<figure class=\"aligncenter size-large\"><a href=\"https:\/\/www.calameo.com\/read\/0064151067d25acafa73c\" target=\"_blank\" rel=\"noopener noreferrer\"><img loading=\"lazy\" decoding=\"async\" width=\"95\" height=\"125\" src=\"http:\/\/www.aiutu-corsu.org\/wordpress\/wp-content\/uploads\/2020\/09\/RA-Aiutu-Corsu-2011.png\" alt=\"\" class=\"wp-image-4716\"\/><\/a><\/figure><\/div><\/div>\n\n\n\n<div class=\"wp-block-column is-layout-flow wp-block-column-is-layout-flow\"><div class=\"wp-block-image\">\n<figure class=\"aligncenter size-large\"><a href=\"https:\/\/www.calameo.com\/read\/0064151066a9f70cd8556\" target=\"_blank\" rel=\"noopener noreferrer\"><img loading=\"lazy\" decoding=\"async\" width=\"95\" height=\"125\" src=\"http:\/\/www.aiutu-corsu.org\/wordpress\/wp-content\/uploads\/2020\/09\/RA-Aiutu-Corsu-2010.png\" alt=\"\" class=\"wp-image-4715\"\/><\/a><\/figure><\/div><\/div>\n<\/div>\n\n\n\n<hr class=\"wp-block-separator has-css-opacity\"\/>\n\n\n\n<p><\/p>\n","protected":false},"excerpt":{"rendered":"<p>Acc\u00e9dez directement \u00e0 toute notre biblioth\u00e8que ! Nouvelle brochure descriptive de l&rsquo;association AIUTU CORSU (Version 2024) AIUTU CORSU adh\u00e8re au r\u00e9seau \u00ab\u00a0Contraception, Pr\u00e9vention des IVG\u00a0\u00bb Recueil des 20 ans Aiutu Corsu Aiutu Corsu &#8211; Le recueil 20 ans Lire plus de publications sur Calam\u00e9o T\u00e9l\u00e9chargez le recueil des 20 ans ! Rapports d&rsquo;activit\u00e9s Aiutu Corsu<\/p>\n","protected":false},"author":1,"featured_media":0,"parent":0,"menu_order":0,"comment_status":"closed","ping_status":"closed","template":"","meta":{"footnotes":""},"_links":{"self":[{"href":"https:\/\/www.aiutu-corsu.org\/wordpress\/wp-json\/wp\/v2\/pages\/90"}],"collection":[{"href":"https:\/\/www.aiutu-corsu.org\/wordpress\/wp-json\/wp\/v2\/pages"}],"about":[{"href":"https:\/\/www.aiutu-corsu.org\/wordpress\/wp-json\/wp\/v2\/types\/page"}],"author":[{"embeddable":true,"href":"https:\/\/www.aiutu-corsu.org\/wordpress\/wp-json\/wp\/v2\/users\/1"}],"replies":[{"embeddable":true,"href":"https:\/\/www.aiutu-corsu.org\/wordpress\/wp-json\/wp\/v2\/comments?post=90"}],"version-history":[{"count":85,"href":"https:\/\/www.aiutu-corsu.org\/wordpress\/wp-json\/wp\/v2\/pages\/90\/revisions"}],"predecessor-version":[{"id":6962,"href":"https:\/\/www.aiutu-corsu.org\/wordpress\/wp-json\/wp\/v2\/pages\/90\/revisions\/6962"}],"wp:attachment":[{"href":"https:\/\/www.aiutu-corsu.org\/wordpress\/wp-json\/wp\/v2\/media?parent=90"}],"curies":[{"name":"wp","href":"https:\/\/api.w.org\/{rel}","templated":true}]}}