{"id":6122,"date":"2023-04-03T13:09:50","date_gmt":"2023-04-03T12:09:50","guid":{"rendered":"https:\/\/www.aiutu-corsu.org\/wordpress\/?page_id=6122"},"modified":"2023-04-03T13:56:32","modified_gmt":"2023-04-03T12:56:32","slug":"formulaire-distributeur-capitello","status":"publish","type":"page","link":"https:\/\/www.aiutu-corsu.org\/wordpress\/formulaire-distributeur-capitello\/","title":{"rendered":"Formulaire distributeur Capitello"},"content":{"rendered":"\n<p>Bonjour \u00e0 toi\/vous qui arrive(z) sur cette page apr\u00e8s avoir flash\u00e9 le QR code de notre distributeur. Le formulaire ci-dessous est COMPLETEMENT ANONYME ! Nous ne demanderons ni t\u00e9l\u00e9phone, ni email, juste un \u00e9tat des lieux du stock et de l&rsquo;espace afin de pr\u00e9venir notre animateur de pr\u00e9vention. Merci pour ta\/votre participation. Kiss\/Basgi \ud83d\ude42<\/p>\n\n\n<div class=\"wpforms-container wpforms-container-full wpforms-block\" id=\"wpforms-6116\"><form id=\"wpforms-form-6116\" class=\"wpforms-validate wpforms-form wpforms-ajax-form\" data-formid=\"6116\" method=\"post\" enctype=\"multipart\/form-data\" action=\"\/wordpress\/wp-json\/wp\/v2\/pages\/6122\" data-token=\"cc04b0315d2303c64c9266c11d96de79\" data-token-time=\"1776365505\"><noscript class=\"wpforms-error-noscript\">Veuillez activer JavaScript dans votre navigateur pour remplir ce formulaire.<\/noscript><div class=\"wpforms-field-container\"><div id=\"wpforms-6116-field_2-container\" class=\"wpforms-field wpforms-field-select wpforms-field-select-style-classic\" data-field-id=\"2\"><label class=\"wpforms-field-label\" for=\"wpforms-6116-field_2\">Comment est le stock du distributeur ?<\/label><select id=\"wpforms-6116-field_2\" class=\"wpforms-field-medium\" name=\"wpforms[fields][2]\"><option value=\"Il est plein, tout va bien !\" >Il est plein, tout va bien !<\/option><option value=\"\u00c7a peut aller, il en reste encore...\" >\u00c7a peut aller, il en reste encore&#8230;<\/option><option value=\"\u00c0 moiti\u00e9 plein...\" >\u00c0 moiti\u00e9 plein&#8230;<\/option><option value=\"\u00c0 moiti\u00e9 vide...\" >\u00c0 moiti\u00e9 vide&#8230;<\/option><option value=\"Presque vide...\" >Presque vide&#8230;<\/option><option value=\"Compl\u00e8tement vide ! \" >Compl\u00e8tement vide !<\/option><\/select><\/div><div id=\"wpforms-6116-field_3-container\" class=\"wpforms-field wpforms-field-select wpforms-field-select-style-classic\" data-field-id=\"3\"><label class=\"wpforms-field-label\" for=\"wpforms-6116-field_3\">Comment est le lieu ?<\/label><select id=\"wpforms-6116-field_3\" class=\"wpforms-field-medium\" name=\"wpforms[fields][3]\"><option value=\"Super, tr\u00e8s propre !\" >Super, tr\u00e8s propre !<\/option><option value=\"\u00c7a va, \u00e7a peut aller...\" >\u00c7a va, \u00e7a peut aller&#8230;<\/option><option value=\"Franchement, \u00e7a laisse \u00e0 d\u00e9sirer...\" >Franchement, \u00e7a laisse \u00e0 d\u00e9sirer&#8230;<\/option><option value=\"C&#039;est vraiment sale, limite crade !\" >C&#039;est vraiment sale, limite crade !<\/option><option value=\"Je ne remettrai plus jamais les pieds ici ! (Ni autre chose d&#039;ailleurs...)\" >Je ne remettrai plus jamais les pieds ici ! (Ni autre chose d&#039;ailleurs&#8230;)<\/option><\/select><\/div><\/div><!-- .wpforms-field-container --><div class=\"wpforms-recaptcha-container wpforms-is-recaptcha wpforms-is-recaptcha-type-v2\" ><div class=\"g-recaptcha\" data-sitekey=\"6LdsBMoZAAAAAFlzS3PcIaWdjOyeyCFyJafwzm-R\"><\/div><input type=\"text\" name=\"g-recaptcha-hidden\" class=\"wpforms-recaptcha-hidden\" style=\"position:absolute!important;clip:rect(0,0,0,0)!important;height:1px!important;width:1px!important;border:0!important;overflow:hidden!important;padding:0!important;margin:0!important;\" data-rule-recaptcha=\"1\"><\/div><div class=\"wpforms-submit-container\" ><input type=\"hidden\" name=\"wpforms[id]\" value=\"6116\"><input type=\"hidden\" name=\"page_title\" value=\"\"><input type=\"hidden\" name=\"page_url\" value=\"https:\/\/www.aiutu-corsu.org\/wordpress\/wp-json\/wp\/v2\/pages\/6122\"><button type=\"submit\" name=\"wpforms[submit]\" id=\"wpforms-submit-6116\" class=\"wpforms-submit\" data-alt-text=\"Envoi en cours... Nous pr\u00e9venons l&#039;animateur de pr\u00e9vention...\" data-submit-text=\"Je valide !\" aria-live=\"assertive\" value=\"wpforms-submit\">Je valide !<\/button><img loading=\"lazy\" decoding=\"async\" src=\"https:\/\/www.aiutu-corsu.org\/wordpress\/wp-content\/plugins\/wpforms-lite\/assets\/images\/submit-spin.svg\" class=\"wpforms-submit-spinner\" style=\"display: none;\" width=\"26\" height=\"26\" alt=\"Chargement en cours\"><\/div><\/form><\/div>  <!-- .wpforms-container -->","protected":false},"excerpt":{"rendered":"<p>Bonjour \u00e0 toi\/vous qui arrive(z) sur cette page apr\u00e8s avoir flash\u00e9 le QR code de notre distributeur. Le formulaire ci-dessous est COMPLETEMENT ANONYME ! Nous ne demanderons ni t\u00e9l\u00e9phone, ni email, juste un \u00e9tat des lieux du stock et de l&rsquo;espace afin de pr\u00e9venir notre animateur de pr\u00e9vention. Merci pour ta\/votre participation. Kiss\/Basgi \ud83d\ude42<\/p>\n","protected":false},"author":191,"featured_media":0,"parent":0,"menu_order":0,"comment_status":"closed","ping_status":"closed","template":"","meta":{"footnotes":""},"_links":{"self":[{"href":"https:\/\/www.aiutu-corsu.org\/wordpress\/wp-json\/wp\/v2\/pages\/6122"}],"collection":[{"href":"https:\/\/www.aiutu-corsu.org\/wordpress\/wp-json\/wp\/v2\/pages"}],"about":[{"href":"https:\/\/www.aiutu-corsu.org\/wordpress\/wp-json\/wp\/v2\/types\/page"}],"author":[{"embeddable":true,"href":"https:\/\/www.aiutu-corsu.org\/wordpress\/wp-json\/wp\/v2\/users\/191"}],"replies":[{"embeddable":true,"href":"https:\/\/www.aiutu-corsu.org\/wordpress\/wp-json\/wp\/v2\/comments?post=6122"}],"version-history":[{"count":1,"href":"https:\/\/www.aiutu-corsu.org\/wordpress\/wp-json\/wp\/v2\/pages\/6122\/revisions"}],"predecessor-version":[{"id":6123,"href":"https:\/\/www.aiutu-corsu.org\/wordpress\/wp-json\/wp\/v2\/pages\/6122\/revisions\/6123"}],"wp:attachment":[{"href":"https:\/\/www.aiutu-corsu.org\/wordpress\/wp-json\/wp\/v2\/media?parent=6122"}],"curies":[{"name":"wp","href":"https:\/\/api.w.org\/{rel}","templated":true}]}}