{"id":6098,"date":"2023-03-30T14:09:25","date_gmt":"2023-03-30T13:09:25","guid":{"rendered":"https:\/\/www.aiutu-corsu.org\/wordpress\/?page_id=6098"},"modified":"2023-07-25T09:44:03","modified_gmt":"2023-07-25T08:44:03","slug":"presse-medias-2023","status":"publish","type":"page","link":"https:\/\/www.aiutu-corsu.org\/wordpress\/presse-medias-2023\/","title":{"rendered":"Presse \/ M\u00e9dias 2023"},"content":{"rendered":"\n<div class=\"wp-block-group\"><div class=\"wp-block-group__inner-container is-layout-flow wp-block-group-is-layout-flow\">\n<figure class=\"wp-block-embed-youtube wp-block-embed is-type-video is-provider-youtube wp-embed-aspect-16-9 wp-has-aspect-ratio\"><div class=\"wp-block-embed__wrapper\">\n<iframe loading=\"lazy\" title=\"Aiutu Corsu en direct sur Frequenza Nostra\" width=\"500\" height=\"281\" src=\"https:\/\/www.youtube.com\/embed\/BTiGaWaV4V4?feature=oembed\" frameborder=\"0\" allow=\"accelerometer; autoplay; clipboard-write; encrypted-media; gyroscope; picture-in-picture; web-share\" allowfullscreen><\/iframe>\n<\/div><figcaption>Passage du 10\/07\/2023 sur Frequenza Nostra (Radio et Facebook Live) pour parler de la campagne de pr\u00e9vention estivale 2023 de l&rsquo;Association Aiutu Corsu<\/figcaption><\/figure>\n\n\n\n<div style=\"height:20px\" aria-hidden=\"true\" class=\"wp-block-spacer\"><\/div>\n\n\n\n<hr class=\"wp-block-separator is-style-wide\"\/>\n\n\n\n<div style=\"height:20px\" aria-hidden=\"true\" class=\"wp-block-spacer\"><\/div>\n\n\n\n<p><\/p>\n<\/div><\/div>\n\n\n\n<div class=\"wp-block-media-text alignwide is-stacked-on-mobile\"><figure class=\"wp-block-media-text__media\"><a href=\"https:\/\/www.aiutu-corsu.org\/wordpress\/wp-content\/uploads\/2023\/06\/Article-Corse-Matin-19-06-2023.jpg\" target=\"_blank\" rel=\"noopener noreferrer\"><img loading=\"lazy\" decoding=\"async\" width=\"720\" height=\"1024\" src=\"https:\/\/www.aiutu-corsu.org\/wordpress\/wp-content\/uploads\/2023\/06\/Article-Corse-Matin-19-06-2023-720x1024.jpg\" alt=\"\" class=\"wp-image-6199\" srcset=\"https:\/\/www.aiutu-corsu.org\/wordpress\/wp-content\/uploads\/2023\/06\/Article-Corse-Matin-19-06-2023-720x1024.jpg 720w, https:\/\/www.aiutu-corsu.org\/wordpress\/wp-content\/uploads\/2023\/06\/Article-Corse-Matin-19-06-2023-211x300.jpg 211w, https:\/\/www.aiutu-corsu.org\/wordpress\/wp-content\/uploads\/2023\/06\/Article-Corse-Matin-19-06-2023-768x1093.jpg 768w, https:\/\/www.aiutu-corsu.org\/wordpress\/wp-content\/uploads\/2023\/06\/Article-Corse-Matin-19-06-2023-1080x1536.jpg 1080w, https:\/\/www.aiutu-corsu.org\/wordpress\/wp-content\/uploads\/2023\/06\/Article-Corse-Matin-19-06-2023.jpg 1107w\" sizes=\"(max-width: 720px) 100vw, 720px\" \/><\/a><\/figure><div class=\"wp-block-media-text__content\">\n<p><strong>Corse-Matin<\/strong><\/p>\n\n\n\n<p><em>Sida : quarante ans apr\u00e8s l&rsquo;\u00e9pid\u00e9mie ne s&rsquo;\u00e9teint pas<\/em><\/p>\n\n\n\n<p>Article du 19\/06\/2023<\/p>\n\n\n\n<p><a href=\"https:\/\/www.corsematin.com\/articles\/sida-quarante-ans-apres-lepidemie-ne-seteint-pas-143655\" target=\"_blank\" rel=\"noreferrer noopener\">Lire l&rsquo;article sur le site du Corse-Matin<\/a><\/p>\n<\/div><\/div>\n\n\n\n<div class=\"wp-block-group\"><div class=\"wp-block-group__inner-container is-layout-flow wp-block-group-is-layout-flow\">\n<div style=\"height:20px\" aria-hidden=\"true\" class=\"wp-block-spacer\"><\/div>\n\n\n\n<hr class=\"wp-block-separator is-style-wide\"\/>\n\n\n\n<div style=\"height:20px\" aria-hidden=\"true\" class=\"wp-block-spacer\"><\/div>\n\n\n\n<p><\/p>\n<\/div><\/div>\n\n\n\n<div class=\"wp-block-media-text alignwide is-stacked-on-mobile\"><figure class=\"wp-block-media-text__media\"><a href=\"https:\/\/www.aiutu-corsu.org\/wordpress\/wp-content\/uploads\/2023\/06\/Reportage-Ile-Rousse.jpg\"><img loading=\"lazy\" decoding=\"async\" width=\"668\" height=\"1024\" src=\"https:\/\/www.aiutu-corsu.org\/wordpress\/wp-content\/uploads\/2023\/06\/Reportage-Ile-Rousse-668x1024.jpg\" alt=\"\" class=\"wp-image-6170\" srcset=\"https:\/\/www.aiutu-corsu.org\/wordpress\/wp-content\/uploads\/2023\/06\/Reportage-Ile-Rousse-668x1024.jpg 668w, https:\/\/www.aiutu-corsu.org\/wordpress\/wp-content\/uploads\/2023\/06\/Reportage-Ile-Rousse-196x300.jpg 196w, https:\/\/www.aiutu-corsu.org\/wordpress\/wp-content\/uploads\/2023\/06\/Reportage-Ile-Rousse-768x1177.jpg 768w, https:\/\/www.aiutu-corsu.org\/wordpress\/wp-content\/uploads\/2023\/06\/Reportage-Ile-Rousse-1002x1536.jpg 1002w, https:\/\/www.aiutu-corsu.org\/wordpress\/wp-content\/uploads\/2023\/06\/Reportage-Ile-Rousse.jpg 1127w\" sizes=\"(max-width: 668px) 100vw, 668px\" \/><\/a><\/figure><div class=\"wp-block-media-text__content\">\n<p><strong>Corse-Matin<\/strong><\/p>\n\n\n\n<p><em>Sida et MST : atelier pr\u00e9vention pour les adolescents balanins<\/em><\/p>\n\n\n\n<p>Article du 12\/06\/2023<\/p>\n\n\n\n<p><a href=\"https:\/\/www.corsematin.com\/articles\/sida-et-mst-atelier-prevention-pour-les-adolescents-balanins-143318\" target=\"_blank\" rel=\"noreferrer noopener\">Voir l&rsquo;article sur le site de Corse-Matin<\/a><\/p>\n<\/div><\/div>\n\n\n\n<div class=\"wp-block-group\"><div class=\"wp-block-group__inner-container is-layout-flow wp-block-group-is-layout-flow\">\n<div style=\"height:20px\" aria-hidden=\"true\" class=\"wp-block-spacer\"><\/div>\n\n\n\n<hr class=\"wp-block-separator is-style-wide\"\/>\n\n\n\n<div style=\"height:20px\" aria-hidden=\"true\" class=\"wp-block-spacer\"><\/div>\n\n\n\n<figure class=\"wp-block-embed-youtube wp-block-embed is-type-video is-provider-youtube wp-embed-aspect-16-9 wp-has-aspect-ratio\"><div class=\"wp-block-embed__wrapper\">\n<iframe loading=\"lazy\" title=\"Aiutu Corsu a\u0300 la rencontre des jeunes l&#039;Ile Rousse\" width=\"500\" height=\"281\" src=\"https:\/\/www.youtube.com\/embed\/ewDcg7MabgA?feature=oembed\" frameborder=\"0\" allow=\"accelerometer; autoplay; clipboard-write; encrypted-media; gyroscope; picture-in-picture; web-share\" allowfullscreen><\/iframe>\n<\/div><figcaption>Reportage TV Paese sur l&rsquo;intervention pr\u00e9vention VIH\/Sida du 07 juin 2023<\/figcaption><\/figure>\n\n\n\n<p><\/p>\n<\/div><\/div>\n\n\n\n<div class=\"wp-block-group\"><div class=\"wp-block-group__inner-container is-layout-flow wp-block-group-is-layout-flow\">\n<div style=\"height:20px\" aria-hidden=\"true\" class=\"wp-block-spacer\"><\/div>\n\n\n\n<hr class=\"wp-block-separator is-style-wide\"\/>\n\n\n\n<div style=\"height:20px\" aria-hidden=\"true\" class=\"wp-block-spacer\"><\/div>\n\n\n\n<p><\/p>\n<\/div><\/div>\n\n\n\n<div class=\"wp-block-media-text alignwide is-stacked-on-mobile\"><figure class=\"wp-block-media-text__media\"><a href=\"https:\/\/www.aiutu-corsu.org\/wordpress\/wp-content\/uploads\/2023\/03\/Article-Sidaction-Corse-Matin-28-03-2023.png\"><img loading=\"lazy\" decoding=\"async\" width=\"764\" height=\"874\" src=\"https:\/\/www.aiutu-corsu.org\/wordpress\/wp-content\/uploads\/2023\/03\/Article-Sidaction-Corse-Matin-28-03-2023.png\" alt=\"\" class=\"wp-image-6086\" srcset=\"https:\/\/www.aiutu-corsu.org\/wordpress\/wp-content\/uploads\/2023\/03\/Article-Sidaction-Corse-Matin-28-03-2023.png 764w, https:\/\/www.aiutu-corsu.org\/wordpress\/wp-content\/uploads\/2023\/03\/Article-Sidaction-Corse-Matin-28-03-2023-262x300.png 262w\" sizes=\"(max-width: 764px) 100vw, 764px\" \/><\/a><\/figure><div class=\"wp-block-media-text__content\">\n<p><strong>Corse-Matin<\/strong><\/p>\n\n\n\n<p><em>Sidaction : le combat se poursuit pour un avenir sans VIH<\/em><\/p>\n\n\n\n<p>Article du 28\/03\/2023<\/p>\n<\/div><\/div>\n\n\n\n<div class=\"wp-block-group is-layout-flow wp-block-group-is-layout-flow\"><div class=\"wp-block-group__inner-container\"><\/div><\/div>\n\n\n\n<figure class=\"wp-block-audio\"><audio controls src=\"https:\/\/www.aiutu-corsu.org\/wordpress\/wp-content\/uploads\/2023\/03\/Sidaction-2023-RCFM-dimanche-26-mars.mp3\"><\/audio><figcaption><strong>Reportage sur le Sidaction et Aiutu Corsu au journal RCFM du dimanche 26\/03\/2023<\/strong><\/figcaption><\/figure>\n\n\n\n<div class=\"wp-block-group\"><div class=\"wp-block-group__inner-container is-layout-flow wp-block-group-is-layout-flow\">\n<div style=\"height:20px\" aria-hidden=\"true\" class=\"wp-block-spacer\"><\/div>\n\n\n\n<hr class=\"wp-block-separator is-style-wide\"\/>\n\n\n\n<div style=\"height:20px\" aria-hidden=\"true\" class=\"wp-block-spacer\"><\/div>\n<\/div><\/div>\n\n\n\n<figure class=\"wp-block-embed-youtube wp-block-embed is-type-video is-provider-youtube wp-embed-aspect-4-3 wp-has-aspect-ratio wp-embed-aspect-16-9\"><div class=\"wp-block-embed__wrapper\">\n<iframe loading=\"lazy\" title=\"Sidaction 2023 avec Aiutu Corsu\" width=\"500\" height=\"281\" src=\"https:\/\/www.youtube.com\/embed\/NvlMEY37BLE?feature=oembed\" frameborder=\"0\" allow=\"accelerometer; autoplay; clipboard-write; encrypted-media; gyroscope; picture-in-picture; web-share\" allowfullscreen><\/iframe>\n<\/div><figcaption>Sidaction 2023 au Corsica Sera de France 3 Corse Via Stella<\/figcaption><\/figure>\n\n\n\n<div class=\"wp-block-group\"><div class=\"wp-block-group__inner-container is-layout-flow wp-block-group-is-layout-flow\">\n<div style=\"height:20px\" aria-hidden=\"true\" class=\"wp-block-spacer\"><\/div>\n\n\n\n<hr class=\"wp-block-separator is-style-wide\"\/>\n\n\n\n<div style=\"height:20px\" aria-hidden=\"true\" class=\"wp-block-spacer\"><\/div>\n<\/div><\/div>\n\n\n\n<figure class=\"wp-block-audio\"><audio controls src=\"https:\/\/www.aiutu-corsu.org\/wordpress\/wp-content\/uploads\/2023\/03\/Sidaction-2023-RCFM-vendredi-24-mars.mp3\"><\/audio><figcaption><strong>Reportage sur le Sidaction au journal RCFM du dimanche 24\/03\/2023<\/strong><\/figcaption><\/figure>\n\n\n\n<div class=\"wp-block-group\"><div class=\"wp-block-group__inner-container is-layout-flow wp-block-group-is-layout-flow\">\n<div style=\"height:20px\" aria-hidden=\"true\" class=\"wp-block-spacer\"><\/div>\n\n\n\n<hr class=\"wp-block-separator is-style-wide\"\/>\n\n\n\n<div style=\"height:20px\" aria-hidden=\"true\" class=\"wp-block-spacer\"><\/div>\n<\/div><\/div>\n\n\n\n<div class=\"wp-block-media-text alignwide is-stacked-on-mobile\"><figure class=\"wp-block-media-text__media\"><a href=\"https:\/\/www.aiutu-corsu.org\/wordpress\/wp-content\/uploads\/2023\/03\/Article-Sidaction-CNI-23-03-2023.jpg\" target=\"_blank\" rel=\"noopener noreferrer\"><img loading=\"lazy\" decoding=\"async\" width=\"506\" height=\"1024\" src=\"https:\/\/www.aiutu-corsu.org\/wordpress\/wp-content\/uploads\/2023\/03\/Article-Sidaction-CNI-23-03-2023-506x1024.jpg\" alt=\"\" class=\"wp-image-6088\" srcset=\"https:\/\/www.aiutu-corsu.org\/wordpress\/wp-content\/uploads\/2023\/03\/Article-Sidaction-CNI-23-03-2023-506x1024.jpg 506w, https:\/\/www.aiutu-corsu.org\/wordpress\/wp-content\/uploads\/2023\/03\/Article-Sidaction-CNI-23-03-2023-148x300.jpg 148w, https:\/\/www.aiutu-corsu.org\/wordpress\/wp-content\/uploads\/2023\/03\/Article-Sidaction-CNI-23-03-2023.jpg 636w\" sizes=\"(max-width: 506px) 100vw, 506px\" \/><\/a><\/figure><div class=\"wp-block-media-text__content\">\n<p><strong>Corse Net Infos<\/strong><\/p>\n\n\n\n<p><em>Sidaction 2023 : L&rsquo;association Aiutu Corsu reconduit son op\u00e9ration \u00ab\u00a01 vente = 1 euro revers\u00e9\u00a0\u00bb \u00e0 Sidaction<\/em><\/p>\n\n\n\n<p>Article du 23\/03\/2018<\/p>\n\n\n\n<p><a href=\"https:\/\/www.corsenetinfos.corsica\/Sidaction-2023-L-association-Aiutu-Corsu-reconduit-son-operation-1-vente-1-euro-reverse-a-Ajaccio_a70272.html\" target=\"_blank\" rel=\"noreferrer noopener\">Voir l&rsquo;article sur le site de Corse Net infos<\/a><\/p>\n<\/div><\/div>\n","protected":false},"excerpt":{"rendered":"<p>Corse-Matin Sida : quarante ans apr\u00e8s l&rsquo;\u00e9pid\u00e9mie ne s&rsquo;\u00e9teint pas Article du 19\/06\/2023 Lire l&rsquo;article sur le site du Corse-Matin Corse-Matin Sida et MST : atelier pr\u00e9vention pour les adolescents balanins Article du 12\/06\/2023 Voir l&rsquo;article sur le site de Corse-Matin Corse-Matin Sidaction : le combat se poursuit pour un avenir sans VIH Article du [&hellip;]<\/p>\n","protected":false},"author":191,"featured_media":0,"parent":0,"menu_order":0,"comment_status":"closed","ping_status":"closed","template":"","meta":{"footnotes":""},"_links":{"self":[{"href":"https:\/\/www.aiutu-corsu.org\/wordpress\/wp-json\/wp\/v2\/pages\/6098"}],"collection":[{"href":"https:\/\/www.aiutu-corsu.org\/wordpress\/wp-json\/wp\/v2\/pages"}],"about":[{"href":"https:\/\/www.aiutu-corsu.org\/wordpress\/wp-json\/wp\/v2\/types\/page"}],"author":[{"embeddable":true,"href":"https:\/\/www.aiutu-corsu.org\/wordpress\/wp-json\/wp\/v2\/users\/191"}],"replies":[{"embeddable":true,"href":"https:\/\/www.aiutu-corsu.org\/wordpress\/wp-json\/wp\/v2\/comments?post=6098"}],"version-history":[{"count":11,"href":"https:\/\/www.aiutu-corsu.org\/wordpress\/wp-json\/wp\/v2\/pages\/6098\/revisions"}],"predecessor-version":[{"id":6251,"href":"https:\/\/www.aiutu-corsu.org\/wordpress\/wp-json\/wp\/v2\/pages\/6098\/revisions\/6251"}],"wp:attachment":[{"href":"https:\/\/www.aiutu-corsu.org\/wordpress\/wp-json\/wp\/v2\/media?parent=6098"}],"curies":[{"name":"wp","href":"https:\/\/api.w.org\/{rel}","templated":true}]}}