{"id":568,"date":"2011-11-29T13:58:29","date_gmt":"2011-11-29T12:58:29","guid":{"rendered":"http:\/\/www.aiutu-corsu.org\/wordpress\/?page_id=568"},"modified":"2023-11-03T11:17:07","modified_gmt":"2023-11-03T10:17:07","slug":"centres-de-depistage-anonyme-et-gratuit","status":"publish","type":"page","link":"https:\/\/www.aiutu-corsu.org\/wordpress\/centres-de-depistage-anonyme-et-gratuit\/","title":{"rendered":"D\u00e9pistage"},"content":{"rendered":"\n<p class=\"has-text-align-center has-white-color has-vivid-red-background-color has-text-color has-background\"><strong>Les d\u00e9pistages TROD Aiutu Corsu sont<\/strong><br><strong>GRATUITS et ANONYMES !<\/strong><\/p>\n\n\n\n<div class=\"wp-block-columns is-layout-flex wp-container-core-columns-layout-1 wp-block-columns-is-layout-flex\">\n<div class=\"wp-block-column is-layout-flow wp-block-column-is-layout-flow\">\n<div class=\"wp-block-image\"><figure class=\"aligncenter size-large is-resized\"><img loading=\"lazy\" decoding=\"async\" src=\"http:\/\/www.aiutu-corsu.org\/wordpress\/wp-content\/uploads\/2020\/09\/TROD.png\" alt=\"\" class=\"wp-image-4766\" width=\"274\" height=\"274\" srcset=\"https:\/\/www.aiutu-corsu.org\/wordpress\/wp-content\/uploads\/2020\/09\/TROD.png 600w, https:\/\/www.aiutu-corsu.org\/wordpress\/wp-content\/uploads\/2020\/09\/TROD-300x300.png 300w, https:\/\/www.aiutu-corsu.org\/wordpress\/wp-content\/uploads\/2020\/09\/TROD-150x150.png 150w\" sizes=\"(max-width: 274px) 100vw, 274px\" \/><\/figure><\/div>\n<\/div>\n\n\n\n<div class=\"wp-block-column is-layout-flow wp-block-column-is-layout-flow\">\n<p><em>Il est toujours important de savoir o\u00f9 l\u2019on en est par rapport au VIH parce que le cas \u00e9ch\u00e9ant, cela permet d\u2019envisager sereinement un suivi m\u00e9dical pr\u00e9coce et plus efficace au regard du VIH et des IST.<\/em><\/p>\n\n\n\n<p>L&rsquo;association <strong>Aiutu Corsu<\/strong> est membre du <strong>COREVIH Paca Ouest Corse<\/strong> et elle est habilit\u00e9e par l&rsquo;<strong>Agence R\u00e9gionale de Sant\u00e9<\/strong> (ARS) de la Corse depuis 2017 pour pratiquer des <strong>TROD <\/strong>(Test Rapide d&rsquo;Orientation de Diagnostique) VIH. <\/p>\n\n\n\n<p><strong><em>Sur RDV ou sur simple appel, nous ferons notre possible pour nous rendre disponible !<\/em><\/strong><\/p>\n<\/div>\n<\/div>\n\n\n\n<h2 class=\"wp-block-heading\"><strong>Locaux de l&rsquo;association Aiutu Corsu<\/strong><\/h2>\n\n\n\n<blockquote class=\"wp-block-quote\"><p>Association Aiutu Corsu<br><strong><em>2, rue G\u00e9n\u00e9ral Levie &#8211; BP 64 &#8211; 20176 Ajaccio<\/em><\/strong><br>D\u00e9pistage du lundi au vendredi de 11h00 \u00e0 15h30 ou sur RDV<\/p><p><br><strong>Email :\u00a0<\/strong><a href=\"mailto:contact@aiutu-corsu.org\">info@aiutu-corsu.org<\/a><br><strong>Tel : 04 95 74 09 60<\/strong><\/p><p>Et encore plus de moyens pour nous contacter sur notre page <a href=\"http:\/\/www.aiutu-corsu.org\/wordpress\/contact\/\" data-type=\"page\" data-id=\"151\">Contact<\/a><\/p><\/blockquote>\n\n\n\n<div style=\"height:24px\" aria-hidden=\"true\" class=\"wp-block-spacer\"><\/div>\n\n\n\n<hr class=\"wp-block-separator is-style-wide\"\/>\n\n\n\n<div style=\"height:24px\" aria-hidden=\"true\" class=\"wp-block-spacer\"><\/div>\n\n\n\n<h2 class=\"wp-block-heading\"><strong>CeGIDD<\/strong><\/h2>\n\n\n\n<p><strong>(Centre Gratuit d\u2019information, de D\u00e9pistage et de Diagnostic des infections par les virus de l\u2019immunod\u00e9ficience humaine, des h\u00e9patites virales et des infections sexuellement transmissibles)<\/strong><\/p>\n\n\n\n<p><strong>AJACCIO : Le centre d\u00e9partemental de d\u00e9pistage (CEGIDD)<\/strong><\/p>\n\n\n\n<blockquote class=\"wp-block-quote\"><p><strong><em>18 boulevard Lantivy 20000 Ajaccio<\/em><\/strong><em> (Arr\u00eat de bus : statut Marcaggi)<\/em><br>Ouvert du lundi au vendredi de 9h00 \u00e0 11h45 et 14h00 \u00e0 16h00 ou sur RDV<br><strong>Tel : 04 95 29 12 65<\/strong><\/p><\/blockquote>\n\n\n\n<div style=\"height:24px\" aria-hidden=\"true\" class=\"wp-block-spacer\"><\/div>\n\n\n\n<p><strong>BASTIA : Le centre Hospitalier &#8211; Bastia (CEGIDD)<\/strong><\/p>\n\n\n\n<blockquote class=\"wp-block-quote\"><p><strong><em>Route Royale &#8211; 20600 Bastia<\/em><\/strong><br>Pavillon Brun II, Rez de chauss\u00e9e, bureau n\u00b08<br>Sans RDV : du lundi au vendredi de 9h \u00e0 16h<br>Ouvert du lundi au vendredi de 9h00 \u00e0 11h45 et 14h00 \u00e0 16h00 ou sur RDV<br><a rel=\"noreferrer noopener\" href=\"http:\/\/www.ch-bastia.fr\/centre-hospitalier\/30-centre-de-depistage.html\" target=\"_blank\">http:\/\/www.ch-bastia.fr\/centre-hospitalier\/30-centre-de-depistage.html<\/a><br><strong>Tel CEGIDD : 04 95 59 14 26<br>Tel accueil de l&rsquo;h\u00f4pital (Demander le CEGIDD) : 04 95 59 11 11<\/strong><\/p><\/blockquote>\n\n\n\n<div style=\"height:25px\" aria-hidden=\"true\" class=\"wp-block-spacer\"><\/div>\n\n\n\n<hr class=\"wp-block-separator is-style-wide\"\/>\n\n\n\n<div style=\"height:24px\" aria-hidden=\"true\" class=\"wp-block-spacer\"><\/div>\n\n\n\n<h2 class=\"wp-block-heading\"><strong>Centre d&rsquo;Examens de Sant\u00e9 Haute-Corse de l&rsquo;Assurance Maladie<\/strong><\/h2>\n\n\n\n<blockquote class=\"wp-block-quote\"><p><strong><em>4, rue Fran\u00e7ois Vittori, 20600 Bastia<\/em><\/strong><br>Bilans m\u00e9dicaux gratuits pris en charge par l&rsquo;Assurance Maladie de 2 heures pour tout le monde, \u00e0 partir de 16 ans et valable une fois par an. Ensemble des examens r\u00e9alis\u00e9 les lundi, mercredi et jeudi matin.<\/p><p><strong><em>Pour b\u00e9n\u00e9ficier de ce bilan m\u00e9dical, contactez le CES :<\/em><\/strong><br><strong>Email : <\/strong>ces.cpam-bastia@assurance-maladie.fr<br><strong>Tel : 04 95 30 13 40<\/strong><\/p><\/blockquote>\n","protected":false},"excerpt":{"rendered":"<p>Les d\u00e9pistages TROD Aiutu Corsu sontGRATUITS et ANONYMES ! Il est toujours important de savoir o\u00f9 l\u2019on en est par rapport au VIH parce que le cas \u00e9ch\u00e9ant, cela permet d\u2019envisager sereinement un suivi m\u00e9dical pr\u00e9coce et plus efficace au regard du VIH et des IST. L&rsquo;association Aiutu Corsu est membre du COREVIH Paca Ouest [&hellip;]<\/p>\n","protected":false},"author":1,"featured_media":0,"parent":0,"menu_order":0,"comment_status":"closed","ping_status":"closed","template":"","meta":{"footnotes":""},"_links":{"self":[{"href":"https:\/\/www.aiutu-corsu.org\/wordpress\/wp-json\/wp\/v2\/pages\/568"}],"collection":[{"href":"https:\/\/www.aiutu-corsu.org\/wordpress\/wp-json\/wp\/v2\/pages"}],"about":[{"href":"https:\/\/www.aiutu-corsu.org\/wordpress\/wp-json\/wp\/v2\/types\/page"}],"author":[{"embeddable":true,"href":"https:\/\/www.aiutu-corsu.org\/wordpress\/wp-json\/wp\/v2\/users\/1"}],"replies":[{"embeddable":true,"href":"https:\/\/www.aiutu-corsu.org\/wordpress\/wp-json\/wp\/v2\/comments?post=568"}],"version-history":[{"count":45,"href":"https:\/\/www.aiutu-corsu.org\/wordpress\/wp-json\/wp\/v2\/pages\/568\/revisions"}],"predecessor-version":[{"id":6304,"href":"https:\/\/www.aiutu-corsu.org\/wordpress\/wp-json\/wp\/v2\/pages\/568\/revisions\/6304"}],"wp:attachment":[{"href":"https:\/\/www.aiutu-corsu.org\/wordpress\/wp-json\/wp\/v2\/media?parent=568"}],"curies":[{"name":"wp","href":"https:\/\/api.w.org\/{rel}","templated":true}]}}