{"id":4952,"date":"2020-12-09T11:16:05","date_gmt":"2020-12-09T10:16:05","guid":{"rendered":"https:\/\/www.aiutu-corsu.org\/wordpress\/?page_id=4952"},"modified":"2020-12-09T11:18:19","modified_gmt":"2020-12-09T10:18:19","slug":"presse-medias-2004","status":"publish","type":"page","link":"https:\/\/www.aiutu-corsu.org\/wordpress\/presse-medias-2004\/","title":{"rendered":"Presse \/ M\u00e9dias 2004"},"content":{"rendered":"\n<div class=\"wp-block-media-text alignwide is-stacked-on-mobile\"><figure class=\"wp-block-media-text__media\"><a href=\"https:\/\/www.aiutu-corsu.org\/wordpress\/wp-content\/uploads\/2020\/11\/2004-La-pre\u0301vention-face-au-SIDA-full.jpg\" target=\"_blank\" rel=\"noopener noreferrer\"><img loading=\"lazy\" decoding=\"async\" width=\"800\" height=\"600\" src=\"https:\/\/www.aiutu-corsu.org\/wordpress\/wp-content\/uploads\/2020\/11\/2004-La-pre\u0301vention-face-au-SIDA.jpg\" alt=\"\" class=\"wp-image-4876\" srcset=\"https:\/\/www.aiutu-corsu.org\/wordpress\/wp-content\/uploads\/2020\/11\/2004-La-pre\u0301vention-face-au-SIDA.jpg 800w, https:\/\/www.aiutu-corsu.org\/wordpress\/wp-content\/uploads\/2020\/11\/2004-La-pre\u0301vention-face-au-SIDA-300x225.jpg 300w, https:\/\/www.aiutu-corsu.org\/wordpress\/wp-content\/uploads\/2020\/11\/2004-La-pre\u0301vention-face-au-SIDA-768x576.jpg 768w, https:\/\/www.aiutu-corsu.org\/wordpress\/wp-content\/uploads\/2020\/11\/2004-La-pre\u0301vention-face-au-SIDA-678x509.jpg 678w, https:\/\/www.aiutu-corsu.org\/wordpress\/wp-content\/uploads\/2020\/11\/2004-La-pre\u0301vention-face-au-SIDA-326x245.jpg 326w, https:\/\/www.aiutu-corsu.org\/wordpress\/wp-content\/uploads\/2020\/11\/2004-La-pre\u0301vention-face-au-SIDA-80x60.jpg 80w\" sizes=\"(max-width: 800px) 100vw, 800px\" \/><\/a><\/figure><div class=\"wp-block-media-text__content\">\n<p><strong>Article Corse-Matin<\/strong><\/p>\n\n\n\n<p><em>La pr\u00e9vention face au SIDA<\/em><\/p>\n\n\n\n<p>\u00c9t\u00e9 2004<\/p>\n<\/div><\/div>\n\n\n\n<div style=\"height:20px\" aria-hidden=\"true\" class=\"wp-block-spacer\"><\/div>\n\n\n\n<hr class=\"wp-block-separator is-style-wide\"\/>\n\n\n\n<div style=\"height:20px\" aria-hidden=\"true\" class=\"wp-block-spacer\"><\/div>\n\n\n\n<div class=\"wp-block-media-text alignwide is-stacked-on-mobile\"><figure class=\"wp-block-media-text__media\"><a href=\"https:\/\/www.aiutu-corsu.org\/wordpress\/wp-content\/uploads\/2020\/11\/2004-Des-statistiques-a\u0300-de\u0301crypter.jpg\" target=\"_blank\" rel=\"noopener noreferrer\"><img loading=\"lazy\" decoding=\"async\" width=\"325\" height=\"318\" src=\"https:\/\/www.aiutu-corsu.org\/wordpress\/wp-content\/uploads\/2020\/11\/2004-Des-statistiques-a\u0300-de\u0301crypter-1.jpg\" alt=\"\" class=\"wp-image-4882\" srcset=\"https:\/\/www.aiutu-corsu.org\/wordpress\/wp-content\/uploads\/2020\/11\/2004-Des-statistiques-a\u0300-de\u0301crypter-1.jpg 325w, https:\/\/www.aiutu-corsu.org\/wordpress\/wp-content\/uploads\/2020\/11\/2004-Des-statistiques-a\u0300-de\u0301crypter-1-300x294.jpg 300w\" sizes=\"(max-width: 325px) 100vw, 325px\" \/><\/a><\/figure><div class=\"wp-block-media-text__content\">\n<p><strong>Article Corse-Matin<\/strong><\/p>\n\n\n\n<p><em>Des statistiques \u00e0 d\u00e9crypter<\/em><\/p>\n\n\n\n<p>Ann\u00e9e 2004<\/p>\n<\/div><\/div>\n\n\n\n<div style=\"height:20px\" aria-hidden=\"true\" class=\"wp-block-spacer\"><\/div>\n\n\n\n<hr class=\"wp-block-separator is-style-wide\"\/>\n\n\n\n<div style=\"height:20px\" aria-hidden=\"true\" class=\"wp-block-spacer\"><\/div>\n\n\n\n<div class=\"wp-block-media-text alignwide is-stacked-on-mobile\"><figure class=\"wp-block-media-text__media\"><a href=\"https:\/\/www.aiutu-corsu.org\/wordpress\/wp-content\/uploads\/2020\/11\/2004-11-03-2004-Aiutu-Corsu-menace\u0301e-de-fermeture.jpg\" target=\"_blank\" rel=\"noopener noreferrer\"><img loading=\"lazy\" decoding=\"async\" width=\"700\" height=\"450\" src=\"https:\/\/www.aiutu-corsu.org\/wordpress\/wp-content\/uploads\/2020\/11\/2004-11-03-2004-Aiutu-Corsu-menace\u0301e-de-fermeture.jpg\" alt=\"\" class=\"wp-image-4880\" srcset=\"https:\/\/www.aiutu-corsu.org\/wordpress\/wp-content\/uploads\/2020\/11\/2004-11-03-2004-Aiutu-Corsu-menace\u0301e-de-fermeture.jpg 700w, https:\/\/www.aiutu-corsu.org\/wordpress\/wp-content\/uploads\/2020\/11\/2004-11-03-2004-Aiutu-Corsu-menace\u0301e-de-fermeture-300x193.jpg 300w\" sizes=\"(max-width: 700px) 100vw, 700px\" \/><\/a><\/figure><div class=\"wp-block-media-text__content\">\n<p><strong>Article Corse-Matin<\/strong><\/p>\n\n\n\n<p><em>Aiutu Corsu menac\u00e9e de fermeture<\/em><\/p>\n\n\n\n<p>11\/03\/2004<\/p>\n<\/div><\/div>\n","protected":false},"excerpt":{"rendered":"<p>Article Corse-Matin La pr\u00e9vention face au SIDA \u00c9t\u00e9 2004 Article Corse-Matin Des statistiques \u00e0 d\u00e9crypter Ann\u00e9e 2004 Article Corse-Matin Aiutu Corsu menac\u00e9e de fermeture 11\/03\/2004<\/p>\n","protected":false},"author":191,"featured_media":0,"parent":0,"menu_order":0,"comment_status":"closed","ping_status":"closed","template":"","meta":{"footnotes":""},"_links":{"self":[{"href":"https:\/\/www.aiutu-corsu.org\/wordpress\/wp-json\/wp\/v2\/pages\/4952"}],"collection":[{"href":"https:\/\/www.aiutu-corsu.org\/wordpress\/wp-json\/wp\/v2\/pages"}],"about":[{"href":"https:\/\/www.aiutu-corsu.org\/wordpress\/wp-json\/wp\/v2\/types\/page"}],"author":[{"embeddable":true,"href":"https:\/\/www.aiutu-corsu.org\/wordpress\/wp-json\/wp\/v2\/users\/191"}],"replies":[{"embeddable":true,"href":"https:\/\/www.aiutu-corsu.org\/wordpress\/wp-json\/wp\/v2\/comments?post=4952"}],"version-history":[{"count":2,"href":"https:\/\/www.aiutu-corsu.org\/wordpress\/wp-json\/wp\/v2\/pages\/4952\/revisions"}],"predecessor-version":[{"id":4954,"href":"https:\/\/www.aiutu-corsu.org\/wordpress\/wp-json\/wp\/v2\/pages\/4952\/revisions\/4954"}],"wp:attachment":[{"href":"https:\/\/www.aiutu-corsu.org\/wordpress\/wp-json\/wp\/v2\/media?parent=4952"}],"curies":[{"name":"wp","href":"https:\/\/api.w.org\/{rel}","templated":true}]}}