{"id":4462,"date":"2020-09-09T14:47:17","date_gmt":"2020-09-09T13:47:17","guid":{"rendered":"http:\/\/www.aiutu-corsu.org\/wordpress\/?page_id=4462"},"modified":"2020-09-09T14:47:18","modified_gmt":"2020-09-09T13:47:18","slug":"politique-de-confidentialite","status":"publish","type":"page","link":"https:\/\/www.aiutu-corsu.org\/wordpress\/politique-de-confidentialite\/","title":{"rendered":"Politique de confidentialit\u00e9"},"content":{"rendered":"\n<h2 class=\"wp-block-heading\">Aiutu Corsu<\/h2>\n\n\n\n<div class=\"wp-block-columns is-layout-flex wp-container-core-columns-layout-1 wp-block-columns-is-layout-flex\">\n<div class=\"wp-block-column is-layout-flow wp-block-column-is-layout-flow\" style=\"flex-basis:33.33%\">\n<figure class=\"wp-block-image size-large\"><img loading=\"lazy\" decoding=\"async\" width=\"500\" height=\"500\" src=\"http:\/\/www.aiutu-corsu.org\/wordpress\/wp-content\/uploads\/2020\/09\/Logo-Aiutu-Corsu-Officiel.png\" alt=\"\" class=\"wp-image-4192\" srcset=\"https:\/\/www.aiutu-corsu.org\/wordpress\/wp-content\/uploads\/2020\/09\/Logo-Aiutu-Corsu-Officiel.png 500w, https:\/\/www.aiutu-corsu.org\/wordpress\/wp-content\/uploads\/2020\/09\/Logo-Aiutu-Corsu-Officiel-300x300.png 300w, https:\/\/www.aiutu-corsu.org\/wordpress\/wp-content\/uploads\/2020\/09\/Logo-Aiutu-Corsu-Officiel-150x150.png 150w, https:\/\/www.aiutu-corsu.org\/wordpress\/wp-content\/uploads\/2020\/09\/Logo-Aiutu-Corsu-Officiel-83x83.png 83w\" sizes=\"(max-width: 500px) 100vw, 500px\" \/><\/figure>\n<\/div>\n\n\n\n<div class=\"wp-block-column is-layout-flow wp-block-column-is-layout-flow\" style=\"flex-basis:66.66%\">\n<p>L\u2019adresse de notre site Web est\u00a0: http:\/\/www.aiutu-corsu.org<\/p>\n\n\n\n<p>Le nom de domaine et l\u2019h\u00e9bergement sont enregistr\u00e9s chez le fournisseur de service OVH,&nbsp;SAS au capital de 10 069 020 \u20ac enregistr\u00e9e au&nbsp;RCS de Lille M\u00e9tropole sous le num\u00e9ro 424 761 419 00045 (Code APE : 2620Z) et ayant pour si\u00e8ge social l\u2019adresse 2 rue Kellermann 59100 Roubaix (France)<\/p>\n\n\n\n<p>Le site www.aiutu-corsu.org est enregistr\u00e9 par l&rsquo;association Aiutu Corsu domicili\u00e9e 1 rue Colomba, 20000 Ajaccio.<\/p>\n\n\n\n<p>Le directeur de la publication est Sylvie MARCAGGI.<\/p>\n<\/div>\n<\/div>\n\n\n\n<p><\/p>\n\n\n\n<h2 class=\"wp-block-heading\">Utilisation des donn\u00e9es personnelles collect\u00e9es<\/h2>\n\n\n\n<h3 class=\"wp-block-heading\">Formulaire de contact<\/h3>\n\n\n\n<p>Lorsque vous utilisez notre formulaire de contact en ligne, vos donn\u00e9es personnelles ne sont jamais enregistr\u00e9es sur les serveurs de notre site. Elles sont directement transmises par email \u00e0 notre \u00e9quipe commerciale. Ces donn\u00e9es ne sont utilis\u00e9es que dans le seul but de vous r\u00e9pondre. Elle seront stock\u00e9es (soit sous format papier, soit sous format num\u00e9rique) uniquement dans les locaux de l\u2019association Aiutu Corsu, comme si vous vous d\u00e9placiez directement dans nos bureaux d&rsquo;Ajaccio (Corse-du-Sud).\u00a0<strong>Vos donn\u00e9es personnelles ne seront jamais \u00e9chang\u00e9es ou revendues.<\/strong><\/p>\n\n\n\n<h3 class=\"wp-block-heading\">Cookies<\/h3>\n\n\n\n<p>Notre site est r\u00e9alis\u00e9 avec le CMS (\u00e9diteur de contenus) WordPress et utilise des cookies Internet pour nous permettre de g\u00e9rer notre site en interne (acc\u00e8s \u00e0 l\u2019administration par notre administrateur). Nous avons utilis\u00e9 WordPress pour cr\u00e9er un site de type \u00ab&nbsp;vitrine&nbsp;\u00bb et avons d\u00e9sactiv\u00e9 toutes les fonctions qui permettraient aux visiteurs de commenter ou cr\u00e9er des comptes.&nbsp;<strong>De ce fait, les cookies de notre site ne pourront pas collecter vos donn\u00e9es personnelles.<\/strong><\/p>\n\n\n\n<h3 class=\"wp-block-heading\">Contenu embarqu\u00e9 depuis d\u2019autres sites<\/h3>\n\n\n\n<p>Les pages de ce site peuvent inclure des contenus int\u00e9gr\u00e9s (Vid\u00e9o TouTube, Carte Google Map ou lien vers des r\u00e9seaux sociaux). Le contenu int\u00e9gr\u00e9 depuis d\u2019autres sites se comporte de la m\u00eame mani\u00e8re que si le visiteur se rendait sur cet autre site.<\/p>\n\n\n\n<p>Ces sites web pourraient collecter des donn\u00e9es sur vous, utiliser des cookies, embarquer des outils de suivis tiers, suivre vos interactions avec ces contenus embarqu\u00e9s si vous disposez d\u2019un compte connect\u00e9 sur leur site web.<\/p>\n","protected":false},"excerpt":{"rendered":"<p>Aiutu Corsu L\u2019adresse de notre site Web est\u00a0: http:\/\/www.aiutu-corsu.org Le nom de domaine et l\u2019h\u00e9bergement sont enregistr\u00e9s chez le fournisseur de service OVH,&nbsp;SAS au capital de 10 069 020 \u20ac enregistr\u00e9e au&nbsp;RCS de Lille M\u00e9tropole sous le num\u00e9ro 424 761 419 00045 (Code APE : 2620Z) et ayant pour si\u00e8ge social l\u2019adresse 2 rue Kellermann [&hellip;]<\/p>\n","protected":false},"author":191,"featured_media":0,"parent":0,"menu_order":0,"comment_status":"closed","ping_status":"closed","template":"","meta":{"footnotes":""},"_links":{"self":[{"href":"https:\/\/www.aiutu-corsu.org\/wordpress\/wp-json\/wp\/v2\/pages\/4462"}],"collection":[{"href":"https:\/\/www.aiutu-corsu.org\/wordpress\/wp-json\/wp\/v2\/pages"}],"about":[{"href":"https:\/\/www.aiutu-corsu.org\/wordpress\/wp-json\/wp\/v2\/types\/page"}],"author":[{"embeddable":true,"href":"https:\/\/www.aiutu-corsu.org\/wordpress\/wp-json\/wp\/v2\/users\/191"}],"replies":[{"embeddable":true,"href":"https:\/\/www.aiutu-corsu.org\/wordpress\/wp-json\/wp\/v2\/comments?post=4462"}],"version-history":[{"count":1,"href":"https:\/\/www.aiutu-corsu.org\/wordpress\/wp-json\/wp\/v2\/pages\/4462\/revisions"}],"predecessor-version":[{"id":4463,"href":"https:\/\/www.aiutu-corsu.org\/wordpress\/wp-json\/wp\/v2\/pages\/4462\/revisions\/4463"}],"wp:attachment":[{"href":"https:\/\/www.aiutu-corsu.org\/wordpress\/wp-json\/wp\/v2\/media?parent=4462"}],"curies":[{"name":"wp","href":"https:\/\/api.w.org\/{rel}","templated":true}]}}