{"id":340,"date":"2011-05-31T14:37:43","date_gmt":"2011-05-31T13:37:43","guid":{"rendered":"http:\/\/www.aiutu-corsu.org\/wordpress\/?page_id=340"},"modified":"2021-02-16T10:48:54","modified_gmt":"2021-02-16T09:48:54","slug":"la-prevention","status":"publish","type":"page","link":"https:\/\/www.aiutu-corsu.org\/wordpress\/la-prevention\/","title":{"rendered":"La pr\u00e9vention"},"content":{"rendered":"\n<h2 class=\"wp-block-heading\"><strong>Modes de transmission du VIH<\/strong><\/h2>\n\n\n\n<p>Le virus du sida se transmet par voie sexuelle, sanguine et de la m\u00e8re \u00e0 l\u2019enfant durant la grossesse ou l\u2019allaitement, plus d&rsquo;infos ci-dessous&#8230;<\/p>\n\n\n\n<h3 class=\"wp-block-heading\">Sexe<\/h3>\n\n\n\n<p>Les rapports sexuels sans pr\u00e9servatif avec p\u00e9n\u00e9tration anale ou vaginale sont les principaux modes de transmission du virus. Une seule relation sexuelle avec une personne atteinte peut suffire pour que la contamination ait lieu, mais elle n\u2019est pas non plus syst\u00e9matique. En cas de relations bouche\/sexe masculin ou f\u00e9minin, les risques sont moindres, mais ils existent : les muqueuses de la bouche peuvent \u00eatre un passage pour le VIH, surtout s\u2019il existe de petites l\u00e9sions (aphtes, irritation des gencives\u2026).<\/p>\n\n\n\n<p>Les accessoires \u00e9rotiques servant aux pratiques sexuelles peuvent aussi transmettre le virus. Il faut les recouvrir d\u2019un pr\u00e9servatif et changer celui-ci \u00e0 chaque nouvelle utilisation.<\/p>\n\n\n\n<h3 class=\"wp-block-heading\">Sang<\/h3>\n\n\n\n<p>L\u2019injection de drogues par voie intraveineuse constitue aussi un mode majeur de transmission du virus. Il est imp\u00e9ratif de ne jamais partager seringues et mat\u00e9riel de pr\u00e9parations n\u00e9cessaires au shoot. Le virus peut se transmettre en cas de blessure avec un objet souill\u00e9 de sang contamin\u00e9. L\u2019acupuncture, le tatouage ou le piercing comportent des risques si les r\u00e8gles d\u2019hygi\u00e8ne et l\u2019emploi de mat\u00e9riel \u00e0 usage unique ne sont pas respect\u00e9s.<\/p>\n\n\n\n<h3 class=\"wp-block-heading\"><strong>M\u00e8re \/ Enfant\u00a0<\/strong><\/h3>\n\n\n\n<p>Lorsqu\u2019une femme est atteinte par le VIH, la grossesse, l\u2019accouchement et l\u2019allaitement maternel comportent des risques de transmission du virus \u00e0 l\u2019enfant. Les traitements ont consid\u00e9rablement r\u00e9duit ces risques.<\/p>\n\n\n\n<h3 class=\"wp-block-heading\">Risque Z\u00e9ro&#8230;<\/h3>\n\n\n\n<p>Aucune contamination ne peut avoir lieu par la salive ou les larmes. On ne risque absolument rien en partageant un repas, la vaisselle, le linge, en buvant dans le verre d\u2019une personne atteinte par le VIH, en utilisant ses toilettes ou sa baignoire, en l\u2019embrassant ou en la touchant. On ne peut pas \u00eatre contamin\u00e9 par une piq\u00fbre de moustique. Le virus du sida meurt en quelques minutes \u00e0 l\u2019air libre. Mais par mesure de s\u00e9curit\u00e9, il faut \u00e9viter de partager des objets d\u2019hygi\u00e8ne susceptibles d\u2019\u00eatre en contact avec le sang : rasoirs, brosses \u00e0 dents\u2026<\/p>\n\n\n\n<hr class=\"wp-block-separator is-style-wide\"\/>\n\n\n\n<div style=\"height:20px\" aria-hidden=\"true\" class=\"wp-block-spacer\"><\/div>\n\n\n\n<h2 class=\"wp-block-heading\">Le d\u00e9pistage<\/h2>\n\n\n\n<p>Il est toujours important de savoir o\u00f9 l\u2019on en est par rapport au VIH parce que le cas \u00e9ch\u00e9ant, cela permet d\u2019envisager sereinement un suivi m\u00e9dical pr\u00e9coce et plus efficace au regard du VIH et des IST.<\/p>\n\n\n\n<p><a href=\"https:\/\/www.aiutu-corsu.org\/wordpress\/centres-de-depistage-anonyme-et-gratuit\/\" data-type=\"page\" data-id=\"568\"><strong>Plus d&rsquo;infos et des coordonn\u00e9es sur notre page d\u00e9di\u00e9e.<\/strong><\/a><\/p>\n\n\n\n<div style=\"text-align:center;\"><iframe loading=\"lazy\" src=\"\/\/v.calameo.com\/?bkcode=0064151062c53ec0fbcb8&#038;mode=mini&#038;showsharemenu=false&#038;clickto=view&#038;clicktarget=_self\" width=\"100%\" height=\"280px\" frameborder=\"0\" scrolling=\"no\" allowtransparency allowfullscreen style=\"margin:0 auto;\"><\/iframe><\/div>\n\n\n\n<hr class=\"wp-block-separator is-style-wide\"\/>\n\n\n\n<div style=\"height:20px\" aria-hidden=\"true\" class=\"wp-block-spacer\"><\/div>\n\n\n\n<h2 class=\"wp-block-heading\"><strong>Le pr\u00e9servatif masculin<\/strong><\/h2>\n\n\n\n<p>Pour trouver le pr\u00e9servatif qui vous convient, testez-en plusieurs. Il en existe de diff\u00e9rentes tailles et pour tous les go\u00fbts (aromatis\u00e9s fraise, vanille\u2026). L\u2019utilisation d\u2019un lubrifiant (ou gel) \u00e0 base d\u2019eau est recommand\u00e9e. Il am\u00e9liore le confort lors du rapport sexuel, \u00e9vite les irritations, et surtout r\u00e9duit consid\u00e9rablement le risque de rupture du pr\u00e9servatif. On le trouve en pharmacie, parapharmacie et dans les supermarch\u00e9s. N\u2019utilisez jamais des produits gras tels que le beurre, les produits solaires, la vaseline et cr\u00e8mes diverses, car ils ab\u00eement les pr\u00e9servatifs, augmentent les risques de rupture, les rendent poreux, donc inefficaces.<\/p>\n\n\n\n<div style=\"text-align:center;\"><iframe loading=\"lazy\" src=\"\/\/v.calameo.com\/?bkcode=0064151064947681e9e88&#038;mode=mini&#038;showsharemenu=false&#038;clickto=view&#038;clicktarget=_self\" width=\"100%\" height=\"280px\" frameborder=\"0\" scrolling=\"no\" allowtransparency allowfullscreen style=\"margin:0 auto;\"><\/iframe><\/div>\n\n\n\n<hr class=\"wp-block-separator is-style-wide\"\/>\n\n\n\n<div style=\"height:20px\" aria-hidden=\"true\" class=\"wp-block-spacer\"><\/div>\n\n\n\n<h2 class=\"wp-block-heading\"><strong>Le pr\u00e9servatif f\u00e9minin<\/strong><\/h2>\n\n\n\n<p>F\u00e9midom\u00ae est une gaine souple et large en polyur\u00e9thane. Il est dot\u00e9 d\u2019un anneau souple \u00e0 chaque extr\u00e9mit\u00e9. Il s\u2019introduit dans le vagin et en tapisse les parois. Si il est con\u00e7u pour une seule utilisation, le pr\u00e9servatif f\u00e9minin pr\u00e9sente l\u2019avantage de pouvoir \u00eatre gard\u00e9 plusieurs heures avant et apr\u00e8s l\u2019acte sexuel.Vous pouvez vous le procurer gratuitement aupr\u00e8s d\u2019associations de lutte contre le sida, certains CeGIDD et centres de planification familiale.<\/p>\n\n\n\n<p>Pour des raisons biologiques, li\u00e9es au corps et \u00e0 son fonctionnement, les femmes ont plus de risques que les hommes d\u2019\u00eatre contamin\u00e9es par le virus du sida lors d\u2019un rapport sexuel non prot\u00e9g\u00e9.<\/p>\n\n\n\n<hr class=\"wp-block-separator is-style-wide\"\/>\n\n\n\n<div style=\"height:20px\" aria-hidden=\"true\" class=\"wp-block-spacer\"><\/div>\n\n\n\n<h2 class=\"wp-block-heading\">Le TPE<\/h2>\n\n\n\n<p>En cas de rupture, de glissement, de non-utilisation de pr\u00e9servatif, de blessure ou de coupure avec un objet souill\u00e9 de sang ou de sperme, de partage du mat\u00e9riel d\u2019injection de drogues, vous pouvez suivre un traitement post-exposition (TPE) qui peut vous \u00e9viter d&rsquo;\u00eatre infect\u00e9 par le VIH. On l&rsquo;appelle aussi parfois \u00ab\u00a0traitement d&rsquo;urgence\u00a0\u00bb ou \u00ab\u00a0traitement prophylactique\u00a0\u00bb. Ce n\u2019est pas le moment de paniquer, mais d\u2019agir.<\/p>\n\n\n\n<p>Le traitement d\u2019urgence consiste en une prise d\u2019une trith\u00e9rapie pendant un mois afin d\u2019emp\u00eacher l\u2019\u00e9ventuelle contamination en bloquant imm\u00e9diatement la r\u00e9plication du VIH. C\u2019est d\u2019autant plus efficace que ce traitement est commenc\u00e9 tr\u00e8s t\u00f4t : si possible dans les 4 heures suivant l&rsquo;exposition au risque, et de pr\u00e9f\u00e9rence avant 24 heures et au maximum dans les 48 heures.<\/p>\n\n\n\n<p><strong><span class=\"has-inline-color has-vivid-red-color\">En lire plus sur <a href=\"https:\/\/www.aides.org\/les-outils-de-prevention-vih-sida\" target=\"_blank\" rel=\"noreferrer noopener\">www.aides.org<\/a><\/span><\/strong><\/p>\n\n\n\n<div style=\"text-align:center;\"><iframe loading=\"lazy\" src=\"\/\/v.calameo.com\/?bkcode=00641510688840d87b440&#038;mode=mini&#038;showsharemenu=false&#038;clickto=view&#038;clicktarget=_self\" width=\"100%\" height=\"280px\" frameborder=\"0\" scrolling=\"no\" allowtransparency allowfullscreen style=\"margin:0 auto;\"><\/iframe><\/div>\n\n\n\n<hr class=\"wp-block-separator is-style-wide\"\/>\n\n\n\n<div style=\"height:20px\" aria-hidden=\"true\" class=\"wp-block-spacer\"><\/div>\n\n\n\n<h2 class=\"wp-block-heading\">La PrEP<\/h2>\n\n\n\n<p><span class=\"has-inline-color has-vivid-red-color\"><strong>Pr<\/strong>\u00e9= avant<br><strong>E<\/strong>xposition\u00a0 = contact avec le VIH<br><strong>P<\/strong>rophylaxie\u00a0 = traitement pr\u00e9ventif pour emp\u00eacher une infection de se produire<\/span><\/p>\n\n\n\n<p>La prophylaxie pr\u00e9-exposition (PrEP) est une nouvelle strat\u00e9gie de pr\u00e9vention du VIH.&nbsp;L\u2019utilisation de la PrEP orale, se vend sous le nom de marque Truvada.<br>Son principe est simple&nbsp;: il s\u2019agit de proposer \u00e0 une personne qui n\u2019a pas le VIH, qui n\u2019utilise pas syst\u00e9matiquement le pr\u00e9servatif lors de ses rapports sexuels et qui est \u00e0 haut risque de contracter le VIH, un m\u00e9dicament actif contre ce virus afin de r\u00e9duire voire d\u2019emp\u00eacher le risque de le contracter.<\/p>\n\n\n\n<p>La ministre de la Sant\u00e9 a autoris\u00e9 l\u2019utilisation du Truvada en PrEP par un arr\u00eat\u00e9 publi\u00e9 au journal officiel le 31 d\u00e9cembre 2015.<\/p>\n\n\n\n<p><strong>A qui s\u2019adresse la PrEP<\/strong><\/p>\n\n\n\n<p>La PrEP est actuellement indiqu\u00e9e pour toutes les personnes de plus de 18 ans qui n\u2019utilisent pas syst\u00e9matiquement le pr\u00e9servatif lors de leurs rapports sexuels et qui sont \u00e0 haut risque de contracter le VIH, en particulier :<\/p>\n\n\n\n<p><strong>Les hommes gays et les personnes trans qui ont des relations sexuelles avec des hommes +&nbsp; au moins un des crit\u00e8res suivants&nbsp;:<\/strong><\/p>\n\n\n\n<ul><li><em>rapports sexuels anaux sans pr\u00e9servatif avec au moins 2 partenaires sexuels diff\u00e9rents dans les 6 derniers mois&nbsp;;<\/em><\/li><li><em>\u00e9pisodes d\u2019IST dans les 12 derniers mois&nbsp;;<\/em><\/li><li><em>plusieurs recours au TPE dans les 12 derniers mois&nbsp;;<\/em><\/li><li><em>usage de drogues lors des rapports sexuels.<\/em><\/li><\/ul>\n\n\n\n<p><strong>Mais aussi, au cas par cas, d\u2019autres publics en situation de vuln\u00e9rabilit\u00e9 par rapport au VIH, notamment&nbsp;:<\/strong>les travailleur-se-s du sexe&nbsp;;<\/p>\n\n\n\n<ul><li>les personnes originaires de r\u00e9gion \u00e0 forte pr\u00e9valence (Afrique subsaharienne, Guyane, \u2026) et leurs partenaires&nbsp;;<\/li><li>les usagers de drogues par voie intraveineuse&nbsp;;<\/li><li>les personnes ayant des partenaires sexuels multiples&nbsp;;<\/li><li>etc.<\/li><\/ul>\n\n\n\n<div style=\"text-align:center;\"><iframe loading=\"lazy\" src=\"\/\/v.calameo.com\/?bkcode=006415106cd70fa1b75e6&#038;mode=mini&#038;view=book&#038;showsharemenu=false\" width=\"100%\" height=\"280px\" frameborder=\"0\" scrolling=\"no\" allowtransparency allowfullscreen style=\"margin:0 auto;\"><\/iframe><\/div>\n\n\n\n<p><span class=\"has-inline-color has-vivid-red-color\"><strong>Trouvez encore plus d&rsquo;informations sur la PrEP en visitant les sites de <a rel=\"noreferrer noopener\" href=\"https:\/\/www.sida-info-service.org\/?Un-petit-clic-et-c-est-PrEP\" target=\"_blank\">www.sida-info-service.org<\/a> ou de <a rel=\"noreferrer noopener\" href=\"https:\/\/www.aides.org\/prep\" target=\"_blank\">www.aides.org<\/a><\/strong><\/span><\/p>\n","protected":false},"excerpt":{"rendered":"<p>Modes de transmission du VIH Le virus du sida se transmet par voie sexuelle, sanguine et de la m\u00e8re \u00e0 l\u2019enfant durant la grossesse ou l\u2019allaitement, plus d&rsquo;infos ci-dessous&#8230; Sexe Les rapports sexuels sans pr\u00e9servatif avec p\u00e9n\u00e9tration anale ou vaginale sont les principaux modes de transmission du virus. Une seule relation sexuelle avec une personne [&hellip;]<\/p>\n","protected":false},"author":1,"featured_media":0,"parent":0,"menu_order":0,"comment_status":"closed","ping_status":"closed","template":"","meta":{"footnotes":""},"_links":{"self":[{"href":"https:\/\/www.aiutu-corsu.org\/wordpress\/wp-json\/wp\/v2\/pages\/340"}],"collection":[{"href":"https:\/\/www.aiutu-corsu.org\/wordpress\/wp-json\/wp\/v2\/pages"}],"about":[{"href":"https:\/\/www.aiutu-corsu.org\/wordpress\/wp-json\/wp\/v2\/types\/page"}],"author":[{"embeddable":true,"href":"https:\/\/www.aiutu-corsu.org\/wordpress\/wp-json\/wp\/v2\/users\/1"}],"replies":[{"embeddable":true,"href":"https:\/\/www.aiutu-corsu.org\/wordpress\/wp-json\/wp\/v2\/comments?post=340"}],"version-history":[{"count":30,"href":"https:\/\/www.aiutu-corsu.org\/wordpress\/wp-json\/wp\/v2\/pages\/340\/revisions"}],"predecessor-version":[{"id":5222,"href":"https:\/\/www.aiutu-corsu.org\/wordpress\/wp-json\/wp\/v2\/pages\/340\/revisions\/5222"}],"wp:attachment":[{"href":"https:\/\/www.aiutu-corsu.org\/wordpress\/wp-json\/wp\/v2\/media?parent=340"}],"curies":[{"name":"wp","href":"https:\/\/api.w.org\/{rel}","templated":true}]}}