{"id":2,"date":"2011-01-14T13:12:08","date_gmt":"2011-01-14T12:12:08","guid":{"rendered":"http:\/\/www.aiutu-corsu.org\/wordpress\/?page_id=2"},"modified":"2026-04-07T08:59:46","modified_gmt":"2026-04-07T07:59:46","slug":"a-propos","status":"publish","type":"page","link":"https:\/\/www.aiutu-corsu.org\/wordpress\/a-propos\/","title":{"rendered":"Association Aiutu Corsu"},"content":{"rendered":"\n<div class=\"wp-block-media-text alignwide is-stacked-on-mobile\"><figure class=\"wp-block-media-text__media\"><img loading=\"lazy\" decoding=\"async\" width=\"500\" height=\"500\" src=\"https:\/\/www.aiutu-corsu.org\/wordpress\/wp-content\/uploads\/2019\/06\/Logo-Aiutu-Corsu-Officiel.png\" alt=\"\" class=\"wp-image-4329 size-full\" srcset=\"https:\/\/www.aiutu-corsu.org\/wordpress\/wp-content\/uploads\/2019\/06\/Logo-Aiutu-Corsu-Officiel.png 500w, https:\/\/www.aiutu-corsu.org\/wordpress\/wp-content\/uploads\/2019\/06\/Logo-Aiutu-Corsu-Officiel-300x300.png 300w, https:\/\/www.aiutu-corsu.org\/wordpress\/wp-content\/uploads\/2019\/06\/Logo-Aiutu-Corsu-Officiel-150x150.png 150w\" sizes=\"(max-width: 500px) 100vw, 500px\" \/><\/figure><div class=\"wp-block-media-text__content\">\n<p>Bienvenue sur le site Internet officiel de l&rsquo;Association Aiutu Corsu qui lutte contre le SIDA depuis 1992 sur toute la Corse.<\/p>\n\n\n\n<p>Les missions principales de l&rsquo;association consistent \u00e0 r\u00e9aliser du soutien, de l&rsquo;accompagnement, de la communication, de la pr\u00e9vention et des d\u00e9pistages VIH.<\/p>\n<\/div><\/div>\n\n\n\n<h3 class=\"wp-block-heading\">Le soutien \/ L&rsquo;accompagnement<\/h3>\n\n\n\n<p>L&rsquo;objectif est de <strong>soutenir<\/strong> les personnes vivant avec le VIH\/SIDA, afin de leur permettre d\u2019am\u00e9liorer leur \u00e9tat de sant\u00e9, (soutien psychologique, accompagnement aux d\u00e9marches du quotidien, aide \u00e9conomique et financi\u00e8re etc\u2026). Des entretiens d&rsquo;\u00e9coute <strong>individuels ou collectifs<\/strong> sont assur\u00e9s par notre animatrice d\u2019accueil et les volontaires de l\u2019association. <\/p>\n\n\n\n<p>L&rsquo;accompagnement \u00e0 la vie quotidienne est assur\u00e9 par les salari\u00e9es et\/ou des volontaires b\u00e9n\u00e9voles qui apportent un soutien dans les aspects pratiques\/mat\u00e9riels de la vie quotidienne des personnes. Les demandes des usagers sont diverses : courses, accompagnement \u00e0 une consultation m\u00e9dicale, livraison de compl\u00e9ments nutritionnels, etc.<\/p>\n\n\n\n<p><strong>Des aides alimentaires<\/strong> sont propos\u00e9es tout au long de l&rsquo;ann\u00e9e gr\u00e2ce \u00e0 notre grande collecte r\u00e9alis\u00e9e chaque ann\u00e9e au moment de la<strong> Journ\u00e9e Mondiale de Lutte Contre le Sida.<\/strong><\/p>\n\n\n\n<figure class=\"wp-block-image size-large is-style-default\"><img loading=\"lazy\" decoding=\"async\" width=\"1024\" height=\"768\" src=\"https:\/\/www.aiutu-corsu.org\/wordpress\/wp-content\/uploads\/2021\/02\/AlimentaireFruitsLegumes-1024x768.jpg\" alt=\"\" class=\"wp-image-5210\" srcset=\"https:\/\/www.aiutu-corsu.org\/wordpress\/wp-content\/uploads\/2021\/02\/AlimentaireFruitsLegumes-1024x768.jpg 1024w, https:\/\/www.aiutu-corsu.org\/wordpress\/wp-content\/uploads\/2021\/02\/AlimentaireFruitsLegumes-300x225.jpg 300w, https:\/\/www.aiutu-corsu.org\/wordpress\/wp-content\/uploads\/2021\/02\/AlimentaireFruitsLegumes-768x576.jpg 768w, https:\/\/www.aiutu-corsu.org\/wordpress\/wp-content\/uploads\/2021\/02\/AlimentaireFruitsLegumes-1536x1152.jpg 1536w, https:\/\/www.aiutu-corsu.org\/wordpress\/wp-content\/uploads\/2021\/02\/AlimentaireFruitsLegumes-2048x1536.jpg 2048w, https:\/\/www.aiutu-corsu.org\/wordpress\/wp-content\/uploads\/2021\/02\/AlimentaireFruitsLegumes-678x509.jpg 678w, https:\/\/www.aiutu-corsu.org\/wordpress\/wp-content\/uploads\/2021\/02\/AlimentaireFruitsLegumes-326x245.jpg 326w, https:\/\/www.aiutu-corsu.org\/wordpress\/wp-content\/uploads\/2021\/02\/AlimentaireFruitsLegumes-80x60.jpg 80w\" sizes=\"(max-width: 1024px) 100vw, 1024px\" \/><\/figure>\n\n\n\n<p><strong>Des aides financi\u00e8res<\/strong> sont \u00e9galement attribu\u00e9es aux personnes qui rencontrent des difficult\u00e9s passag\u00e8res : difficult\u00e9s pour payer son loyer, Edf, etc.<\/p>\n\n\n\n<p>Le besoin <strong>d\u2019h\u00e9bergement d\u2019urgence<\/strong> ou temporaire est assur\u00e9 par des structures d\u2019h\u00e9bergement associatives locales partenaires.<\/p>\n\n\n\n<div style=\"height:20px\" aria-hidden=\"true\" class=\"wp-block-spacer\"><\/div>\n\n\n\n<hr class=\"wp-block-separator has-css-opacity is-style-wide\"\/>\n\n\n\n<div style=\"height:20px\" aria-hidden=\"true\" class=\"wp-block-spacer\"><\/div>\n\n\n\n<h3 class=\"wp-block-heading\">La pr\u00e9vention<\/h3>\n\n\n\n<p>L&rsquo;objectif de la pr\u00e9vention est de mieux <strong>communiquer <\/strong>avec les publics sur le VIH\/SIDA, IST et les H\u00e9patites dans le respect des pratiques de chacun ainsi que de leurs cultures. Pour ce faire, l&rsquo;association anime des s\u00e9ances d\u2019information et de r\u00e9duction des risques aupr\u00e8s du public adulte, des jeunes, des gays et des migrants sur le VIH\/Sida et les IST. Ces s\u00e9ances permettent \u00e0 l&rsquo;association Aiutu Corsu de r\u00e9aliser les actions suivantes :<\/p>\n\n\n\n<ul>\n<li><strong>Informer <\/strong>sur les modes de <strong>transmission<\/strong> du VIH\/HEPATITES et des IST<\/li>\n\n\n\n<li><strong>Promouvoir <\/strong>les outils de pr\u00e9vention<\/li>\n\n\n\n<li>Mettre \u00e0 disposition des <strong>brochures d&rsquo;information<\/strong><\/li>\n\n\n\n<li><strong>Impliquer <\/strong>les relais sanitaires et sociaux de quartiers<\/li>\n\n\n\n<li><strong>Sensibiliser<\/strong> et <strong>former<\/strong> les personnels d&rsquo;intervention sociale dans les foyers \u00e0 la r\u00e9duction des risques<\/li>\n\n\n\n<li><strong>Informer<\/strong> sur la pratique du <strong>d\u00e9pistage <\/strong>pr\u00e9coce<\/li>\n<\/ul>\n\n\n\n<p>Les actions de pr\u00e9vention \u00ab tous publics \u00bb permettent de maintenir de sensibiliser le plus large public.<\/p>\n\n\n\n<p><strong>En France, il y a environ 6000 nouvelles contaminations chaque ann\u00e9e<\/strong>.<\/p>\n\n\n\n<p>L\u2019arriv\u00e9e et l\u2019am\u00e9lioration des traitements disponibles ont eu un impact certain sur les conduites pr\u00e9ventives puisqu\u2019ils ont permis de stopper la progression du VIH\/SIDA .<\/p>\n\n\n\n<p><strong><em><span class=\"has-inline-color has-vivid-red-color\">Le VIH\/SIDA est devenue une maladie chronique mais peut \u00eatre malheureusement per\u00e7u par certains comme \u00abbanalis\u00e9\u00bb.<\/span><\/em><\/strong><\/p>\n\n\n\n<figure class=\"wp-block-image size-large is-style-default\"><img loading=\"lazy\" decoding=\"async\" width=\"1024\" height=\"768\" src=\"https:\/\/www.aiutu-corsu.org\/wordpress\/wp-content\/uploads\/2021\/02\/Prevention-1024x768.jpg\" alt=\"\" class=\"wp-image-5199\" srcset=\"https:\/\/www.aiutu-corsu.org\/wordpress\/wp-content\/uploads\/2021\/02\/Prevention-1024x768.jpg 1024w, https:\/\/www.aiutu-corsu.org\/wordpress\/wp-content\/uploads\/2021\/02\/Prevention-300x225.jpg 300w, https:\/\/www.aiutu-corsu.org\/wordpress\/wp-content\/uploads\/2021\/02\/Prevention-768x576.jpg 768w, https:\/\/www.aiutu-corsu.org\/wordpress\/wp-content\/uploads\/2021\/02\/Prevention-1536x1152.jpg 1536w, https:\/\/www.aiutu-corsu.org\/wordpress\/wp-content\/uploads\/2021\/02\/Prevention-2048x1536.jpg 2048w, https:\/\/www.aiutu-corsu.org\/wordpress\/wp-content\/uploads\/2021\/02\/Prevention-678x509.jpg 678w, https:\/\/www.aiutu-corsu.org\/wordpress\/wp-content\/uploads\/2021\/02\/Prevention-326x245.jpg 326w, https:\/\/www.aiutu-corsu.org\/wordpress\/wp-content\/uploads\/2021\/02\/Prevention-80x60.jpg 80w\" sizes=\"(max-width: 1024px) 100vw, 1024px\" \/><\/figure>\n\n\n\n<p>Par cons\u00e9quent, la sensibilisation et l\u2019information de la population g\u00e9n\u00e9rale sur les risques de transmission des Infections Sexuellement Transmissibles -dont les h\u00e9patites et le VIH\/Sida -restent encore aujourd\u2019hui un enjeu important de sant\u00e9 publique int\u00e9grant des actions de proximit\u00e9 ciblant des publics sp\u00e9cifiques.<\/p>\n\n\n\n<p><strong>Ces actions se d\u00e9clinent sous la forme :<\/strong><\/p>\n\n\n\n<ul>\n<li>De stands de pr\u00e9vention tenus lors d&rsquo;\u00e9v\u00e8nements locaux (Foires, bals, f\u00eates, etc.)<\/li>\n\n\n\n<li>Du Sidaction<\/li>\n\n\n\n<li>De la Journ\u00e9e Mondiale de Lutte Contre le Sida<\/li>\n<\/ul>\n\n\n\n<p><strong><em>Tout au long de l\u2019ann\u00e9e, l\u2019animateur de pr\u00e9vention anime des ateliers de sant\u00e9 sexuelle, aupr\u00e8s de groupes de jeunes, de femmes migrantes et aupr\u00e8s du public homosexuel. Accompagn\u00e9 de volontaires de l\u2019association, il anime des stands de pr\u00e9vention lors de forum associatifs, se d\u00e9place sur les lieux de rencontres \u00e0 risque et organise une permanence sur les r\u00e9seaux sociaux et applications d\u00e9di\u00e9es.<\/em><\/strong><\/p>\n\n\n\n<p><strong><em>Nos stands de pr\u00e9vention proposent du mat\u00e9riel de pr\u00e9vention : <\/em><\/strong><em>Pr\u00e9servatifs masculins\/f\u00e9minins, documentations tous publics et public cibl\u00e9 et des QCM afin d\u2019inter\u00adagir pendant l\u2019animation.<\/em><\/p>\n\n\n\n<div style=\"height:20px\" aria-hidden=\"true\" class=\"wp-block-spacer\"><\/div>\n\n\n\n<hr class=\"wp-block-separator has-css-opacity is-style-wide\"\/>\n\n\n\n<div style=\"height:20px\" aria-hidden=\"true\" class=\"wp-block-spacer\"><\/div>\n\n\n\n<h3 class=\"wp-block-heading\">Le d\u00e9pistage<\/h3>\n\n\n\n<figure class=\"wp-block-image size-large\"><img loading=\"lazy\" decoding=\"async\" width=\"800\" height=\"608\" src=\"https:\/\/www.aiutu-corsu.org\/wordpress\/wp-content\/uploads\/2021\/02\/Depistage.jpg\" alt=\"\" class=\"wp-image-5197\" srcset=\"https:\/\/www.aiutu-corsu.org\/wordpress\/wp-content\/uploads\/2021\/02\/Depistage.jpg 800w, https:\/\/www.aiutu-corsu.org\/wordpress\/wp-content\/uploads\/2021\/02\/Depistage-300x228.jpg 300w, https:\/\/www.aiutu-corsu.org\/wordpress\/wp-content\/uploads\/2021\/02\/Depistage-768x584.jpg 768w, https:\/\/www.aiutu-corsu.org\/wordpress\/wp-content\/uploads\/2021\/02\/Depistage-80x60.jpg 80w\" sizes=\"(max-width: 800px) 100vw, 800px\" \/><\/figure>\n\n\n\n<p><\/p>\n\n\n\n<p>Il est toujours important de savoir o\u00f9 l\u2019on en est par rapport au VIH parce que le cas \u00e9ch\u00e9ant, cela permet d\u2019envisager sereinement un suivi m\u00e9dical pr\u00e9coce et plus efficace au regard du VIH et des IST.<\/p>\n\n\n\n<p>L\u2019association&nbsp;<strong>Aiutu Corsu<\/strong>&nbsp;est membre du&nbsp;<strong>COREVIH Paca Ouest Corse<\/strong>&nbsp;et elle est habilit\u00e9e depuis 2017 par l\u2019<strong>Agence R\u00e9gionale de Sant\u00e9<\/strong>&nbsp;(ARS) de la Corse pour pratiquer des&nbsp;<strong>TROD&nbsp;<\/strong>(Test Rapide d\u2019Orientation de Diagnostique) VIH.<\/p>\n\n\n\n<p><strong><em>Sur RDV ou sur simple appel, nous ferons notre possible pour nous rendre disponible !<\/em><\/strong><\/p>\n\n\n\n<p><strong><span class=\"has-inline-color has-vivid-red-color\">Les d\u00e9pistages TROD r\u00e9alis\u00e9s par l&rsquo;association sont anonymes et gratuits !<\/span><\/strong><\/p>\n\n\n\n<div style=\"height:20px\" aria-hidden=\"true\" class=\"wp-block-spacer\"><\/div>\n\n\n\n<hr class=\"wp-block-separator has-css-opacity is-style-wide\"\/>\n\n\n\n<div style=\"height:20px\" aria-hidden=\"true\" class=\"wp-block-spacer\"><\/div>\n\n\n\n<p>Pour en savoir plus, vous pouvez consulter le dernier <strong>rapport d&rsquo;activit\u00e9<\/strong> de l&rsquo;association Aiutu Corsu ci-dessous.<\/p>\n\n\n\n<div style=\"text-align:center;\"><div style=\"margin:8px 0px 4px;\"><a href=\"https:\/\/www.calameo.com\/books\/00641510673b3ce51db0d\" target=\"_blank\" rel=\"noopener\">Rapport d&#039;Activit\u00e9 2025<\/a><\/div><iframe loading=\"lazy\" src=\"\/\/v.calameo.com\/?bkcode=00641510673b3ce51db0d\" width=\"300\" height=\"194\" frameborder=\"0\" scrolling=\"no\" allowtransparency allowfullscreen style=\"margin:0 auto;\"><\/iframe><div style=\"margin:4px 0px 8px;\"><a href=\"http:\/\/www.calameo.com\/\">Publish at Calameo<\/a><\/div><\/div>\n\n\n\n<p>Ou encore naviguer sur les diff\u00e9rentes pages du site&#8230; En savoir plus sur le <a href=\"https:\/\/www.aiutu-corsu.org\/wordpress\/centres-de-depistage-anonyme-et-gratuit\/\" data-type=\"page\" data-id=\"568\"><strong>d\u00e9pistage<\/strong><\/a>, en apprendre encore davantage sur la <a href=\"https:\/\/www.aiutu-corsu.org\/wordpress\/la-prevention\/\" data-type=\"page\" data-id=\"340\"><strong>pr\u00e9vention<\/strong><\/a>, d\u00e9couvrir <a href=\"https:\/\/www.aiutu-corsu.org\/wordpress\/qui-nous-sommes\/\" data-type=\"page\" data-id=\"101\" target=\"_blank\" rel=\"noreferrer noopener\"><strong>l&rsquo;historique<\/strong><\/a> d&rsquo;Aiutu Corsu ou vous diriger directement sur nos <a href=\"https:\/\/www.aiutu-corsu.org\/wordpress\/contact\/\" data-type=\"page\" data-id=\"151\"><strong>coordonn\u00e9es<\/strong><\/a>&#8230;<\/p>\n","protected":false},"excerpt":{"rendered":"<p>Bienvenue sur le site Internet officiel de l&rsquo;Association Aiutu Corsu qui lutte contre le SIDA depuis 1992 sur toute la Corse. Les missions principales de l&rsquo;association consistent \u00e0 r\u00e9aliser du soutien, de l&rsquo;accompagnement, de la communication, de la pr\u00e9vention et des d\u00e9pistages VIH. Le soutien \/ L&rsquo;accompagnement L&rsquo;objectif est de soutenir les personnes vivant avec [&hellip;]<\/p>\n","protected":false},"author":1,"featured_media":0,"parent":0,"menu_order":0,"comment_status":"closed","ping_status":"closed","template":"","meta":{"footnotes":""},"_links":{"self":[{"href":"https:\/\/www.aiutu-corsu.org\/wordpress\/wp-json\/wp\/v2\/pages\/2"}],"collection":[{"href":"https:\/\/www.aiutu-corsu.org\/wordpress\/wp-json\/wp\/v2\/pages"}],"about":[{"href":"https:\/\/www.aiutu-corsu.org\/wordpress\/wp-json\/wp\/v2\/types\/page"}],"author":[{"embeddable":true,"href":"https:\/\/www.aiutu-corsu.org\/wordpress\/wp-json\/wp\/v2\/users\/1"}],"replies":[{"embeddable":true,"href":"https:\/\/www.aiutu-corsu.org\/wordpress\/wp-json\/wp\/v2\/comments?post=2"}],"version-history":[{"count":34,"href":"https:\/\/www.aiutu-corsu.org\/wordpress\/wp-json\/wp\/v2\/pages\/2\/revisions"}],"predecessor-version":[{"id":7045,"href":"https:\/\/www.aiutu-corsu.org\/wordpress\/wp-json\/wp\/v2\/pages\/2\/revisions\/7045"}],"wp:attachment":[{"href":"https:\/\/www.aiutu-corsu.org\/wordpress\/wp-json\/wp\/v2\/media?parent=2"}],"curies":[{"name":"wp","href":"https:\/\/api.w.org\/{rel}","templated":true}]}}