{"id":151,"date":"2011-04-01T09:11:46","date_gmt":"2011-04-01T08:11:46","guid":{"rendered":"http:\/\/www.aiutu-corsu.org\/wordpress\/?page_id=151"},"modified":"2023-11-13T11:54:02","modified_gmt":"2023-11-13T10:54:02","slug":"contact","status":"publish","type":"page","link":"https:\/\/www.aiutu-corsu.org\/wordpress\/contact\/","title":{"rendered":"Contact"},"content":{"rendered":"\n<div class=\"wp-block-columns is-layout-flex wp-container-core-columns-layout-1 wp-block-columns-is-layout-flex\">\n<div class=\"wp-block-column is-layout-flow wp-block-column-is-layout-flow\">\n<div class=\"wp-block-image is-style-default\"><figure class=\"aligncenter size-medium is-resized\"><img loading=\"lazy\" decoding=\"async\" src=\"http:\/\/www.aiutu-corsu.org\/wordpress\/wp-content\/uploads\/2020\/09\/Logo-Aiutu-Corsu-Officiel-300x300.png\" alt=\"\" class=\"wp-image-4192\" width=\"300\" height=\"300\" srcset=\"https:\/\/www.aiutu-corsu.org\/wordpress\/wp-content\/uploads\/2020\/09\/Logo-Aiutu-Corsu-Officiel-300x300.png 300w, https:\/\/www.aiutu-corsu.org\/wordpress\/wp-content\/uploads\/2020\/09\/Logo-Aiutu-Corsu-Officiel-150x150.png 150w, https:\/\/www.aiutu-corsu.org\/wordpress\/wp-content\/uploads\/2020\/09\/Logo-Aiutu-Corsu-Officiel-83x83.png 83w, https:\/\/www.aiutu-corsu.org\/wordpress\/wp-content\/uploads\/2020\/09\/Logo-Aiutu-Corsu-Officiel.png 500w\" sizes=\"(max-width: 300px) 100vw, 300px\" \/><\/figure><\/div>\n<\/div>\n\n\n\n<div class=\"wp-block-column is-layout-flow wp-block-column-is-layout-flow\">\n<p><br><strong>Association AIUTU CORSU<br><\/strong>2 rue G\u00e9n\u00e9ral Levie &#8211; BP64<br>20176 AJACCIO<\/p>\n\n\n\n<p><strong>Fixe :<\/strong> 04 95 74 09 60<br><br><strong>Soutien :<\/strong> 06 10 12 66 25<br><strong>Pr\u00e9vention :<\/strong> 06 23 36 55 26<\/p>\n\n\n\n<p><strong>Web : <\/strong><a href=\"http:\/\/www.aiutu-corsu.org\" target=\"_blank\" rel=\"noreferrer noopener\">www.aiutu-corsu.org<\/a><br><strong>Email : <\/strong><a href=\"mailto:contact@aiutu-corsu.org\">info@aiutu-corsu.org<\/a><\/p>\n<\/div>\n<\/div>\n\n\n\n<figure class=\"wp-block-image size-large\"><img loading=\"lazy\" decoding=\"async\" width=\"800\" height=\"271\" src=\"https:\/\/www.aiutu-corsu.org\/wordpress\/wp-content\/uploads\/2023\/11\/CV-Pliante-Association.jpg\" alt=\"\" class=\"wp-image-6311\" srcset=\"https:\/\/www.aiutu-corsu.org\/wordpress\/wp-content\/uploads\/2023\/11\/CV-Pliante-Association.jpg 800w, https:\/\/www.aiutu-corsu.org\/wordpress\/wp-content\/uploads\/2023\/11\/CV-Pliante-Association-300x102.jpg 300w, https:\/\/www.aiutu-corsu.org\/wordpress\/wp-content\/uploads\/2023\/11\/CV-Pliante-Association-768x260.jpg 768w\" sizes=\"(max-width: 800px) 100vw, 800px\" \/><\/figure>\n\n\n\n<figure class=\"wp-block-image size-full\"><img loading=\"lazy\" decoding=\"async\" width=\"2560\" height=\"1707\" src=\"http:\/\/www.aiutu-corsu.org\/wordpress\/wp-content\/uploads\/2020\/09\/IMG_1182-scaled.jpg\" alt=\"\" class=\"wp-image-4279\" srcset=\"https:\/\/www.aiutu-corsu.org\/wordpress\/wp-content\/uploads\/2020\/09\/IMG_1182-scaled.jpg 2560w, https:\/\/www.aiutu-corsu.org\/wordpress\/wp-content\/uploads\/2020\/09\/IMG_1182-300x200.jpg 300w, https:\/\/www.aiutu-corsu.org\/wordpress\/wp-content\/uploads\/2020\/09\/IMG_1182-1024x683.jpg 1024w, https:\/\/www.aiutu-corsu.org\/wordpress\/wp-content\/uploads\/2020\/09\/IMG_1182-768x512.jpg 768w, https:\/\/www.aiutu-corsu.org\/wordpress\/wp-content\/uploads\/2020\/09\/IMG_1182-1536x1024.jpg 1536w, https:\/\/www.aiutu-corsu.org\/wordpress\/wp-content\/uploads\/2020\/09\/IMG_1182-2048x1365.jpg 2048w\" sizes=\"(max-width: 2560px) 100vw, 2560px\" \/><figcaption>Aiutu Corsu<\/figcaption><\/figure>\n\n\n\n<hr class=\"wp-block-separator is-style-wide\"\/>\n\n\n\n<h2 class=\"wp-block-heading\">Formulaire de contact en ligne<\/h2>\n\n\n<div class=\"wpforms-container wpforms-container-full wpforms-block\" id=\"wpforms-4470\"><form id=\"wpforms-form-4470\" class=\"wpforms-validate wpforms-form\" data-formid=\"4470\" method=\"post\" enctype=\"multipart\/form-data\" action=\"\/wordpress\/wp-json\/wp\/v2\/pages\/151\" data-token=\"6cb3a09bd41b6046a07dc2da7e1faa3a\" data-token-time=\"1776760118\"><noscript class=\"wpforms-error-noscript\">Veuillez activer JavaScript dans votre navigateur pour remplir ce formulaire.<\/noscript><div class=\"wpforms-field-container\"><div id=\"wpforms-4470-field_0-container\" class=\"wpforms-field wpforms-field-name\" data-field-id=\"0\"><label class=\"wpforms-field-label\" for=\"wpforms-4470-field_0\">Nom, pr\u00e9nom ou pseudo&#8230; <span class=\"wpforms-required-label\">*<\/span><\/label><input type=\"text\" id=\"wpforms-4470-field_0\" class=\"wpforms-field-medium wpforms-field-required\" name=\"wpforms[fields][0]\" required><\/div><div id=\"wpforms-4470-field_1-container\" class=\"wpforms-field wpforms-field-email\" data-field-id=\"1\"><label class=\"wpforms-field-label\" for=\"wpforms-4470-field_1\">E-mail (Pour pouvoir vous recontacter&#8230;) <span class=\"wpforms-required-label\">*<\/span><\/label><input type=\"email\" id=\"wpforms-4470-field_1\" class=\"wpforms-field-medium wpforms-field-required\" name=\"wpforms[fields][1]\" spellcheck=\"false\" required><\/div><div id=\"wpforms-4470-field_7-container\" class=\"wpforms-field wpforms-field-text\" data-field-id=\"7\"><label class=\"wpforms-field-label\" for=\"wpforms-4470-field_7\">T\u00e9l\u00e9phone (Si vous pr\u00e9f\u00e9rez qu&#039;on vous appelle&#8230;)<\/label><input type=\"text\" id=\"wpforms-4470-field_7\" class=\"wpforms-field-medium\" name=\"wpforms[fields][7]\" ><\/div><div id=\"wpforms-4470-field_2-container\" class=\"wpforms-field wpforms-field-textarea\" data-field-id=\"2\"><label class=\"wpforms-field-label\" for=\"wpforms-4470-field_2\">Commentaire ou message <span class=\"wpforms-required-label\">*<\/span><\/label><textarea id=\"wpforms-4470-field_2\" class=\"wpforms-field-medium wpforms-field-required\" name=\"wpforms[fields][2]\" required><\/textarea><\/div><div id=\"wpforms-4470-field_3-container\" class=\"wpforms-field wpforms-field-checkbox\" data-field-id=\"3\"><label class=\"wpforms-field-label\">Politique de confidentialit\u00e9 <span class=\"wpforms-required-label\">*<\/span><\/label><ul id=\"wpforms-4470-field_3\" class=\"wpforms-field-required\"><li class=\"choice-1 depth-1\"><input type=\"checkbox\" id=\"wpforms-4470-field_3_1\" name=\"wpforms[fields][3][]\" value=\"J&#039;ai lu et j&#039;accepte la &lt;a href=&quot;http:\/\/www.aiutu-corsu.org\/wordpress\/politique-de-confidentialite&quot; target=&quot;_self&quot;&gt;politique de confidentialit\u00e9&lt;\/a&gt; d&#039;Aiutu Corsu\" required ><label class=\"wpforms-field-label-inline\" for=\"wpforms-4470-field_3_1\">J&rsquo;ai lu et j&rsquo;accepte la <a href=\"http:\/\/www.aiutu-corsu.org\/wordpress\/politique-de-confidentialite\" target=\"_self\">politique de confidentialit\u00e9<\/a> d&rsquo;Aiutu Corsu<\/label><\/li><\/ul><\/div><div id=\"wpforms-4470-field_4-container\" class=\"wpforms-field wpforms-field-checkbox\" data-field-id=\"4\"><label class=\"wpforms-field-label\">Autorisation d&#039;utilisation des donn\u00e9es personnelles <span class=\"wpforms-required-label\">*<\/span><\/label><ul id=\"wpforms-4470-field_4\" class=\"wpforms-field-required\"><li class=\"choice-1 depth-1\"><input type=\"checkbox\" id=\"wpforms-4470-field_4_1\" name=\"wpforms[fields][4][]\" value=\"J\u2019autorise Aiutu Corsu \u00e0 enregistrer mes donn\u00e9es dans le seul et unique but de donner suite \u00e0 ma demande de contact\" required ><label class=\"wpforms-field-label-inline\" for=\"wpforms-4470-field_4_1\">J\u2019autorise Aiutu Corsu \u00e0 enregistrer mes donn\u00e9es dans le seul et unique but de donner suite \u00e0 ma demande de contact<\/label><\/li><\/ul><\/div><\/div><!-- .wpforms-field-container --><div class=\"wpforms-recaptcha-container wpforms-is-recaptcha wpforms-is-recaptcha-type-v2\" ><div class=\"g-recaptcha\" data-sitekey=\"6LdsBMoZAAAAAFlzS3PcIaWdjOyeyCFyJafwzm-R\"><\/div><input type=\"text\" name=\"g-recaptcha-hidden\" class=\"wpforms-recaptcha-hidden\" style=\"position:absolute!important;clip:rect(0,0,0,0)!important;height:1px!important;width:1px!important;border:0!important;overflow:hidden!important;padding:0!important;margin:0!important;\" data-rule-recaptcha=\"1\"><\/div><div class=\"wpforms-submit-container\" ><input type=\"hidden\" name=\"wpforms[id]\" value=\"4470\"><input type=\"hidden\" name=\"page_title\" value=\"\"><input type=\"hidden\" name=\"page_url\" value=\"https:\/\/www.aiutu-corsu.org\/wordpress\/wp-json\/wp\/v2\/pages\/151\"><button type=\"submit\" name=\"wpforms[submit]\" id=\"wpforms-submit-4470\" class=\"wpforms-submit\" data-alt-text=\"Envoi...\" data-submit-text=\"Envoyer\" aria-live=\"assertive\" value=\"wpforms-submit\">Envoyer<\/button><\/div><\/form><\/div>  <!-- .wpforms-container -->\n\n\n<hr class=\"wp-block-separator is-style-wide\"\/>\n\n\n\n<h2 class=\"wp-block-heading\">Localisez Aiutu Corsu<\/h2>\n\n\n\n<iframe loading=\"lazy\" src=\"https:\/\/www.google.com\/maps\/d\/embed?mid=1T7zmsQ8DgBqy3YsenSUz7uRGwQsQOr3p&amp;ehbc=2E312F\" width=\"100%\" height=\"480\"><\/iframe>\n\n\n\n<p><\/p>\n","protected":false},"excerpt":{"rendered":"<p>Association AIUTU CORSU2 rue G\u00e9n\u00e9ral Levie &#8211; BP6420176 AJACCIO Fixe : 04 95 74 09 60 Soutien : 06 10 12 66 25Pr\u00e9vention : 06 23 36 55 26 Web : www.aiutu-corsu.orgEmail : info@aiutu-corsu.org Formulaire de contact en ligne Localisez Aiutu Corsu<\/p>\n","protected":false},"author":1,"featured_media":0,"parent":0,"menu_order":8,"comment_status":"closed","ping_status":"closed","template":"","meta":{"footnotes":""},"_links":{"self":[{"href":"https:\/\/www.aiutu-corsu.org\/wordpress\/wp-json\/wp\/v2\/pages\/151"}],"collection":[{"href":"https:\/\/www.aiutu-corsu.org\/wordpress\/wp-json\/wp\/v2\/pages"}],"about":[{"href":"https:\/\/www.aiutu-corsu.org\/wordpress\/wp-json\/wp\/v2\/types\/page"}],"author":[{"embeddable":true,"href":"https:\/\/www.aiutu-corsu.org\/wordpress\/wp-json\/wp\/v2\/users\/1"}],"replies":[{"embeddable":true,"href":"https:\/\/www.aiutu-corsu.org\/wordpress\/wp-json\/wp\/v2\/comments?post=151"}],"version-history":[{"count":34,"href":"https:\/\/www.aiutu-corsu.org\/wordpress\/wp-json\/wp\/v2\/pages\/151\/revisions"}],"predecessor-version":[{"id":6312,"href":"https:\/\/www.aiutu-corsu.org\/wordpress\/wp-json\/wp\/v2\/pages\/151\/revisions\/6312"}],"wp:attachment":[{"href":"https:\/\/www.aiutu-corsu.org\/wordpress\/wp-json\/wp\/v2\/media?parent=151"}],"curies":[{"name":"wp","href":"https:\/\/api.w.org\/{rel}","templated":true}]}}