{"id":101,"date":"2011-03-22T13:18:27","date_gmt":"2011-03-22T12:18:27","guid":{"rendered":"http:\/\/www.aiutu-corsu.org\/wordpress\/?page_id=101"},"modified":"2023-11-03T11:40:39","modified_gmt":"2023-11-03T10:40:39","slug":"qui-nous-sommes","status":"publish","type":"page","link":"https:\/\/www.aiutu-corsu.org\/wordpress\/qui-nous-sommes\/","title":{"rendered":"Historique"},"content":{"rendered":"\n<p><\/p>\n\n\n\n<div class=\"wp-block-media-text alignwide is-stacked-on-mobile\"><figure class=\"wp-block-media-text__media\"><img loading=\"lazy\" decoding=\"async\" width=\"500\" height=\"500\" src=\"https:\/\/www.aiutu-corsu.org\/wordpress\/wp-content\/uploads\/2019\/06\/Logo-Aiutu-Corsu-Officiel.png\" alt=\"\" class=\"wp-image-4329\" srcset=\"https:\/\/www.aiutu-corsu.org\/wordpress\/wp-content\/uploads\/2019\/06\/Logo-Aiutu-Corsu-Officiel.png 500w, https:\/\/www.aiutu-corsu.org\/wordpress\/wp-content\/uploads\/2019\/06\/Logo-Aiutu-Corsu-Officiel-300x300.png 300w, https:\/\/www.aiutu-corsu.org\/wordpress\/wp-content\/uploads\/2019\/06\/Logo-Aiutu-Corsu-Officiel-150x150.png 150w\" sizes=\"(max-width: 500px) 100vw, 500px\" \/><\/figure><div class=\"wp-block-media-text__content\">\n<p><strong>AIUTU CORSU<\/strong> est une association de<strong> lutte contre le sida<\/strong> situ\u00e9e \u00e0 <strong>Ajaccio<\/strong>, en Corse, cr\u00e9\u00e9e en <strong>1992 <\/strong>par Jean-Pierre RENUCCI et la volont\u00e9 d&rsquo;un groupe de personnes impliqu\u00e9es directement ou indirectement dans la maladie. <\/p>\n\n\n\n<p>L&rsquo;association <strong>AIUTU CORSU<\/strong> fut confront\u00e9e aux difficult\u00e9s que rencontrent les personnes infect\u00e9es par le VIH, au plus fort de l&rsquo;\u00e9pid\u00e9mie.<\/p>\n<\/div><\/div>\n\n\n\n<p>Les traitements tardaient \u00e0 venir, les volontaires de l\u2019association form\u00e8rent alors un groupe de soutien autour des malades et de leurs familles. Elle continue aujourd\u2019hui le soutien aux personnes vivant avec le VIH.<\/p>\n\n\n\n<div style=\"height:20px\" aria-hidden=\"true\" class=\"wp-block-spacer\"><\/div>\n\n\n\n<hr class=\"wp-block-separator is-style-wide\"\/>\n\n\n\n<div style=\"height:20px\" aria-hidden=\"true\" class=\"wp-block-spacer\"><\/div>\n\n\n\n<h5 class=\"wp-block-heading\"><strong>La Pr\u00e9vention et l&rsquo;Information<\/strong><\/h5>\n\n\n\n<p>La pr\u00e9vention et l&rsquo;information permettent \u00e0 un large public de prendre connaissance des <strong>diff\u00e9rents modes de contamination<\/strong> et des moyens de <strong>se prot\u00e9ger<\/strong>. Toute l&rsquo;ann\u00e9e, les agents de pr\u00e9vention sillonnent les routes de Corse&nbsp;et interviennent dans les foires, les bals, les associations, les centres de formation, les quartiers et les plages.<\/p>\n\n\n\n<figure class=\"wp-block-image size-large\"><img loading=\"lazy\" decoding=\"async\" width=\"1024\" height=\"708\" src=\"https:\/\/www.aiutu-corsu.org\/wordpress\/wp-content\/uploads\/2013\/08\/DSC_0517-Copie-1024x708.jpg\" alt=\"\" class=\"wp-image-1715\" srcset=\"https:\/\/www.aiutu-corsu.org\/wordpress\/wp-content\/uploads\/2013\/08\/DSC_0517-Copie-1024x708.jpg 1024w, https:\/\/www.aiutu-corsu.org\/wordpress\/wp-content\/uploads\/2013\/08\/DSC_0517-Copie-300x207.jpg 300w\" sizes=\"(max-width: 1024px) 100vw, 1024px\" \/><\/figure>\n\n\n\n<div style=\"height:20px\" aria-hidden=\"true\" class=\"wp-block-spacer\"><\/div>\n\n\n\n<hr class=\"wp-block-separator is-style-wide\"\/>\n\n\n\n<div style=\"height:20px\" aria-hidden=\"true\" class=\"wp-block-spacer\"><\/div>\n\n\n\n<h5 class=\"wp-block-heading\"><strong>Le Soutien et l&rsquo;Accompagnement<\/strong><\/h5>\n\n\n\n<ul><li>Le soutien et l&rsquo;accompagnement aux malades et \u00e0 leurs proches s&rsquo;organisent autour de la prise en charge des PVVIH,&nbsp;afin de leur&nbsp; permettre<strong> d&rsquo;am\u00e9liorer leur qualit\u00e9 de vie<\/strong> \u00e0 travers divers actions<\/li><li>Des <strong>permanences <\/strong>ont \u00e9t\u00e9 r\u00e9alis\u00e9es dans le Service Infectiologie de l&rsquo;h\u00f4pital Eug\u00e9nie<\/li><li>Mise en place d&rsquo;une collecte alimentaire annuelle<\/li><li>Mise en place de distribution alimentaire<\/li><li>Mise en place de colis de No\u00ebl<\/li><\/ul>\n\n\n\n<figure class=\"wp-block-image size-large\"><img loading=\"lazy\" decoding=\"async\" width=\"1024\" height=\"764\" src=\"https:\/\/www.aiutu-corsu.org\/wordpress\/wp-content\/uploads\/2014\/01\/041-1024x764.jpg\" alt=\"\" class=\"wp-image-1935\" srcset=\"https:\/\/www.aiutu-corsu.org\/wordpress\/wp-content\/uploads\/2014\/01\/041-1024x764.jpg 1024w, https:\/\/www.aiutu-corsu.org\/wordpress\/wp-content\/uploads\/2014\/01\/041-300x224.jpg 300w\" sizes=\"(max-width: 1024px) 100vw, 1024px\" \/><\/figure>\n\n\n\n<div style=\"height:20px\" aria-hidden=\"true\" class=\"wp-block-spacer\"><\/div>\n\n\n\n<hr class=\"wp-block-separator is-style-wide\"\/>\n\n\n\n<div style=\"height:20px\" aria-hidden=\"true\" class=\"wp-block-spacer\"><\/div>\n\n\n\n<h5 class=\"wp-block-heading\"><strong>L&rsquo;Animation<\/strong><\/h5>\n\n\n\n<ul><li>Sorties,&nbsp; pique-nique, concerts, journ\u00e9e conviviale et th\u00e9\u00e2tre participent au <strong>mieux-\u00eatre <\/strong>des personnes vivant avec le VIH\/SIDA<\/li><li>Des groupes de paroles et\/ou entretiens individuels sont propos\u00e9s&nbsp;par des volontaires de l\u2019association<\/li><\/ul>\n\n\n\n<figure class=\"wp-block-image size-large\"><img loading=\"lazy\" decoding=\"async\" width=\"1024\" height=\"768\" src=\"https:\/\/www.aiutu-corsu.org\/wordpress\/wp-content\/uploads\/2020\/01\/image-3-galette-1024x768.jpg\" alt=\"\" class=\"wp-image-4141\" srcset=\"https:\/\/www.aiutu-corsu.org\/wordpress\/wp-content\/uploads\/2020\/01\/image-3-galette-1024x768.jpg 1024w, https:\/\/www.aiutu-corsu.org\/wordpress\/wp-content\/uploads\/2020\/01\/image-3-galette-300x225.jpg 300w, https:\/\/www.aiutu-corsu.org\/wordpress\/wp-content\/uploads\/2020\/01\/image-3-galette-768x576.jpg 768w, https:\/\/www.aiutu-corsu.org\/wordpress\/wp-content\/uploads\/2020\/01\/image-3-galette.jpg 2048w\" sizes=\"(max-width: 1024px) 100vw, 1024px\" \/><\/figure>\n\n\n\n<div style=\"height:20px\" aria-hidden=\"true\" class=\"wp-block-spacer\"><\/div>\n\n\n\n<hr class=\"wp-block-separator is-style-wide\"\/>\n\n\n\n<div style=\"height:20px\" aria-hidden=\"true\" class=\"wp-block-spacer\"><\/div>\n\n\n\n<div class=\"wp-block-media-text alignwide is-stacked-on-mobile\"><figure class=\"wp-block-media-text__media\"><img loading=\"lazy\" decoding=\"async\" width=\"248\" height=\"206\" src=\"https:\/\/www.aiutu-corsu.org\/wordpress\/wp-content\/uploads\/2019\/06\/61688218_2855064687842393_8555141332518043648_n.jpg\" alt=\"\" class=\"wp-image-3938\"\/><\/figure><div class=\"wp-block-media-text__content\">\n<h5 class=\"wp-block-heading\">La formation<\/h5>\n\n\n\n<p>L&rsquo;association anime des formations<strong> sur demande <\/strong>de structures locales.<\/p>\n<\/div><\/div>\n\n\n\n<div style=\"height:20px\" aria-hidden=\"true\" class=\"wp-block-spacer\"><\/div>\n\n\n\n<div style=\"height:20px\" aria-hidden=\"true\" class=\"wp-block-spacer\"><\/div>\n\n\n\n<hr class=\"wp-block-separator is-style-wide\"\/>\n\n\n\n<div style=\"height:20px\" aria-hidden=\"true\" class=\"wp-block-spacer\"><\/div>\n\n\n\n<h5 class=\"wp-block-heading\"><strong>Le D\u00e9pistage<\/strong><\/h5>\n\n\n\n<p>L\u2019association&nbsp;<strong>Aiutu Corsu<\/strong>&nbsp;est membre du&nbsp;<strong>COREVIH Paca Ouest Corse<\/strong>&nbsp;et elle est habilit\u00e9e depuis 2017 par l\u2019<strong>Agence R\u00e9gionale de Sant\u00e9<\/strong>&nbsp;(ARS) de la Corse pour pratiquer des&nbsp;<strong>TROD&nbsp;<\/strong>(Test Rapide d\u2019Orientation de Diagnostique) VIH.<\/p>\n\n\n\n<figure class=\"wp-block-image size-large\"><img loading=\"lazy\" decoding=\"async\" width=\"1024\" height=\"768\" src=\"https:\/\/www.aiutu-corsu.org\/wordpress\/wp-content\/uploads\/2021\/01\/Photo-1024x768.jpg\" alt=\"\" class=\"wp-image-5161\" srcset=\"https:\/\/www.aiutu-corsu.org\/wordpress\/wp-content\/uploads\/2021\/01\/Photo-1024x768.jpg 1024w, https:\/\/www.aiutu-corsu.org\/wordpress\/wp-content\/uploads\/2021\/01\/Photo-300x225.jpg 300w, https:\/\/www.aiutu-corsu.org\/wordpress\/wp-content\/uploads\/2021\/01\/Photo-768x576.jpg 768w, https:\/\/www.aiutu-corsu.org\/wordpress\/wp-content\/uploads\/2021\/01\/Photo-1536x1152.jpg 1536w, https:\/\/www.aiutu-corsu.org\/wordpress\/wp-content\/uploads\/2021\/01\/Photo-2048x1536.jpg 2048w, https:\/\/www.aiutu-corsu.org\/wordpress\/wp-content\/uploads\/2021\/01\/Photo-678x509.jpg 678w, https:\/\/www.aiutu-corsu.org\/wordpress\/wp-content\/uploads\/2021\/01\/Photo-326x245.jpg 326w, https:\/\/www.aiutu-corsu.org\/wordpress\/wp-content\/uploads\/2021\/01\/Photo-80x60.jpg 80w\" sizes=\"(max-width: 1024px) 100vw, 1024px\" \/><\/figure>\n\n\n\n<div style=\"height:20px\" aria-hidden=\"true\" class=\"wp-block-spacer\"><\/div>\n\n\n\n<hr class=\"wp-block-separator is-style-wide\"\/>\n\n\n\n<div style=\"height:20px\" aria-hidden=\"true\" class=\"wp-block-spacer\"><\/div>\n\n\n\n<h5 class=\"wp-block-heading\">Historique de l&rsquo;association Aiutu Corsu<\/h5>\n\n\n\n<figure class=\"wp-block-image size-large\"><img loading=\"lazy\" decoding=\"async\" width=\"862\" height=\"1024\" src=\"https:\/\/www.aiutu-corsu.org\/wordpress\/wp-content\/uploads\/2014\/06\/DSC_2058-Copie-862x1024.jpg\" alt=\"\" class=\"wp-image-2139\" srcset=\"https:\/\/www.aiutu-corsu.org\/wordpress\/wp-content\/uploads\/2014\/06\/DSC_2058-Copie-862x1024.jpg 862w, https:\/\/www.aiutu-corsu.org\/wordpress\/wp-content\/uploads\/2014\/06\/DSC_2058-Copie-252x300.jpg 252w\" sizes=\"(max-width: 862px) 100vw, 862px\" \/><\/figure>\n\n\n\n<figure class=\"wp-block-table is-style-stripes\"><table><tbody><tr><td><strong>1992<\/strong><\/td><td>Cr\u00e9ation de l&rsquo;association Aiutu Corsu<\/td><\/tr><tr><td><strong>1993<\/strong><\/td><td>Premi\u00e8re campagne d&rsquo;\u00e9t\u00e9 (Animation, pr\u00e9vention, information&#8230;)<\/td><\/tr><tr><td><strong>1996<\/strong><\/td><td>Participation \u00e0 diverses manifestations sportives (Tour de Corse automobile, Olympiades de Sagone)<\/td><\/tr><tr><td><strong>1996<\/strong><\/td><td>Cr\u00e9ation et ouverture de la maison de vie \u00ab\u00a0Villa Marguerite d&rsquo;Ajaccio\u00a0\u00bb, relais-social destin\u00e9 en priorit\u00e9 \u00e0 l&rsquo;h\u00e9bergement temporaire des personnes dont la situation de pr\u00e9carit\u00e9 est li\u00e9e au VIH<\/td><\/tr><tr><td><strong>1997<\/strong><\/td><td>Participation au Corsica Raid Aventure pour apporter les couleurs de la lutte contre le Sida<\/td><\/tr><tr><td><strong>1998<\/strong><\/td><td>Ouverture d&rsquo;une permanence \u00e0 Porto-Vecchio<\/td><\/tr><tr><td><strong>2001<\/strong><\/td><td>Partenariat sportif avec l&rsquo;association nationale Sidaction pour les \u00ab\u00a048 heures contre le Sida\u00a0\u00bb<\/td><\/tr><tr><td><strong>2003<\/strong><\/td><td>Mise en place de la toute premi\u00e8re collecte alimentaire<\/td><\/tr><tr><td><strong>2004<\/strong><\/td><td>Mise en place des points de distribution de pr\u00e9servatifs sur l&rsquo;ensemble de la Corse<\/td><\/tr><tr><td><strong>2004<\/strong><\/td><td>Menace de fermeture de l&rsquo;association faute de subvention<\/td><\/tr><tr><td><strong>2005<\/strong><\/td><td>Mise en place de la premi\u00e8re distribution alimentaire hebdomadaire au profit des usagers de l&rsquo;association<\/td><\/tr><tr><td><strong>2005<\/strong><\/td><td>Partenariat avec l&rsquo;association \u00ab\u00a0Semu Qui\u00a0\u00bb, premi\u00e8re association LGBT de Corse<\/td><\/tr><tr><td><strong>2005<\/strong><\/td><td>Campagne d&rsquo;affichage du Ruban Rouge en mairie dans le cadre de la Journ\u00e9e Mondiale de Lutte Contre le Sida<\/td><\/tr><tr><td><strong>2005<\/strong><\/td><td>Participation au congr\u00e8s du GERHNU \u00ab\u00a0Quelle \u00e9thique pour quel h\u00f4pital\u00a0\u00bb<\/td><\/tr><tr><td><strong>2008<\/strong><\/td><td>Premier partenariat avec l&rsquo;association \u00ab\u00a0Asie Horizon 2020\u00a0\u00bb, intervention de pr\u00e9vention au Nord Vietnam<\/td><\/tr><tr><td><strong>2009<\/strong><\/td><td>Menace de fermeture de l&rsquo;association faute de subvention<\/td><\/tr><tr><td><strong>2009<\/strong><\/td><td>Mise en place d&rsquo;une permanence au service infectiologie de l&rsquo;h\u00f4pital Eug\u00e9nie d&rsquo;Ajaccio<\/td><\/tr><tr><td><strong>2009<\/strong><\/td><td>Cr\u00e9ation du site Internet www.aiutu-corsu.org<\/td><\/tr><tr><td><strong>2010<\/strong><\/td><td>Cr\u00e9ation du profil Facebook de l&rsquo;association<\/td><\/tr><tr><td><strong>2011<\/strong><\/td><td>Mise en place d&rsquo;un atelier nutrition pour les usagers<\/td><\/tr><tr><td><strong>2011<\/strong><\/td><td>Mobilisation Sidaction autour d&rsquo;un concours d&rsquo;affiche avec les jeunes du CFA d&rsquo;Ajaccio<\/td><\/tr><tr><td><strong>2012<\/strong><\/td><td>Ouverture d&rsquo;une permanence \u00e0 l&rsquo;\u00cele-Rousse<\/td><\/tr><tr><td><strong>2013<\/strong><\/td><td>Obtention d&rsquo;une parcelle de terrain cultivable aux jardins des Cannes \u00e0 Ajaccio pour la cr\u00e9ation du jardin potager des usagers<\/td><\/tr><tr><td><strong>2014<\/strong><\/td><td>Le concours d&rsquo;affiche avec les jeunes se d\u00e9place au LEP Finosello<\/td><\/tr><tr><td><strong>2015<\/strong><\/td><td>Les jeunes de la FALEP de Corse-du-Sud participent au concours d&rsquo;affiche pour la campagne estivale<\/td><\/tr><tr><td><strong>2016<\/strong><\/td><td>Le concours d&rsquo;affiche avec les jeunes retourne au LEP Finosello<\/td><\/tr><tr><td><strong>2017<\/strong><\/td><td>Formation par le&nbsp;COREVIH Paca Ouest Corse&nbsp;et habilitation par l&rsquo;ARS de la Corse pour pratiquer des&nbsp;TROD<strong>&nbsp;<\/strong>(Test Rapide d\u2019Orientation de Diagnostique) VIH et VHC<\/td><\/tr><tr><td><strong>2017<\/strong><\/td><td>Lancement de la premi\u00e8re campagne de d\u00e9pistage TROD<\/td><\/tr><tr><td><strong>2018<\/strong><\/td><td>Aiutu Corsu se mobilise pour la pr\u00e9vention sur les applications de rencontre<\/td><\/tr><tr><td><strong>2019<\/strong><\/td><td>Aiutu Corsu est invit\u00e9e de l&rsquo;\u00e9mission Agora sur France 3 Corse Via Stella<\/td><\/tr><tr><td><strong>2019<\/strong><\/td><td>Aiutu Corsu se d\u00e9place pour l&rsquo;inauguration de la nouvelle association LGBTQI+ L&rsquo;Arcu \u00e0 Bastia<\/td><\/tr><tr><td><strong>2020<\/strong><\/td><td>Aiutu Corsu est mis en avant dans un reportage national diffus\u00e9e \u00e0 T\u00e9l\u00e9matin sur France 2<\/td><\/tr><tr><td><strong>2021<\/strong><\/td><td>Refonte du site Internet www.aiutu-corsu.org<\/td><\/tr><tr><td><strong>2022<\/strong><\/td><td>Aiutu Corsu c\u00e9l\u00e8bre ses 30 ans d&rsquo;existence<\/td><\/tr><tr><td><strong>2023<\/strong><\/td><td>L&rsquo;association d\u00e9m\u00e9nage au 2 rue G\u00e9n\u00e9ral Levie \u00e0 Ajaccio<\/td><\/tr><\/tbody><\/table><\/figure>\n\n\n\n<p><\/p>\n","protected":false},"excerpt":{"rendered":"<p>AIUTU CORSU est une association de lutte contre le sida situ\u00e9e \u00e0 Ajaccio, en Corse, cr\u00e9\u00e9e en 1992 par Jean-Pierre RENUCCI et la volont\u00e9 d&rsquo;un groupe de personnes impliqu\u00e9es directement ou indirectement dans la maladie. L&rsquo;association AIUTU CORSU fut confront\u00e9e aux difficult\u00e9s que rencontrent les personnes infect\u00e9es par le VIH, au plus fort de l&rsquo;\u00e9pid\u00e9mie. [&hellip;]<\/p>\n","protected":false},"author":1,"featured_media":0,"parent":0,"menu_order":0,"comment_status":"closed","ping_status":"closed","template":"","meta":{"footnotes":""},"_links":{"self":[{"href":"https:\/\/www.aiutu-corsu.org\/wordpress\/wp-json\/wp\/v2\/pages\/101"}],"collection":[{"href":"https:\/\/www.aiutu-corsu.org\/wordpress\/wp-json\/wp\/v2\/pages"}],"about":[{"href":"https:\/\/www.aiutu-corsu.org\/wordpress\/wp-json\/wp\/v2\/types\/page"}],"author":[{"embeddable":true,"href":"https:\/\/www.aiutu-corsu.org\/wordpress\/wp-json\/wp\/v2\/users\/1"}],"replies":[{"embeddable":true,"href":"https:\/\/www.aiutu-corsu.org\/wordpress\/wp-json\/wp\/v2\/comments?post=101"}],"version-history":[{"count":38,"href":"https:\/\/www.aiutu-corsu.org\/wordpress\/wp-json\/wp\/v2\/pages\/101\/revisions"}],"predecessor-version":[{"id":6309,"href":"https:\/\/www.aiutu-corsu.org\/wordpress\/wp-json\/wp\/v2\/pages\/101\/revisions\/6309"}],"wp:attachment":[{"href":"https:\/\/www.aiutu-corsu.org\/wordpress\/wp-json\/wp\/v2\/media?parent=101"}],"curies":[{"name":"wp","href":"https:\/\/api.w.org\/{rel}","templated":true}]}}